{"id":17256,"date":"2024-01-05T12:52:03","date_gmt":"2024-01-05T12:52:03","guid":{"rendered":"https:\/\/ppr.bm-cat.com\/be\/?page_id=17256"},"modified":"2025-12-25T18:17:55","modified_gmt":"2025-12-25T18:17:55","slug":"cat-magazine","status":"publish","type":"page","link":"https:\/\/bm-cat.com\/be\/cat-magazine\/","title":{"rendered":"Cat Magazine"},"content":{"rendered":"\n<figure class=\"wp-block-image size-large\"><img loading=\"lazy\" decoding=\"async\" width=\"1024\" height=\"260\" src=\"https:\/\/bm-cat.com\/be\/wp-content\/uploads\/sites\/3\/2024\/01\/catmagcouv_01-e1704469557212-1024x260.jpg\" alt=\"\" class=\"wp-image-17257\" srcset=\"https:\/\/bm-cat.com\/be\/wp-content\/uploads\/sites\/3\/2024\/01\/catmagcouv_01-e1704469557212-1024x260.jpg 1024w, https:\/\/bm-cat.com\/be\/wp-content\/uploads\/sites\/3\/2024\/01\/catmagcouv_01-e1704469557212-300x76.jpg 300w, https:\/\/bm-cat.com\/be\/wp-content\/uploads\/sites\/3\/2024\/01\/catmagcouv_01-e1704469557212-768x195.jpg 768w, https:\/\/bm-cat.com\/be\/wp-content\/uploads\/sites\/3\/2024\/01\/catmagcouv_01-e1704469557212-600x152.jpg 600w, https:\/\/bm-cat.com\/be\/wp-content\/uploads\/sites\/3\/2024\/01\/catmagcouv_01-e1704469557212.jpg 1468w\" sizes=\"auto, (max-width: 1024px) 100vw, 1024px\" \/><\/figure>\n\n\n\n<div style=\"height:100px\" aria-hidden=\"true\" class=\"wp-block-spacer\"><\/div>\n\n\n\n<p>Concessionnaire exclusif de la marque Caterpillar, Bergerat Monnoyeur est convaincu que c\u2019est notre responsabilit\u00e9 de fournir \u00e0 nos clients les derni\u00e8res nouvelles et mises \u00e0 jour.<br>Le Cat Magazine est complet avec contenu, introduisant de nouvelles machines, technologies les plus r\u00e9centes et de la lecture int\u00e9ressante sur ce qui pourrait \u00eatre la prochaine \u00e9volution<\/p>\n\n\n\n<p>Ci-dessous vous trouverez une liste de Cat Magazines publi\u00e9s r\u00e9cemment:&nbsp;&nbsp;<\/p>\n\n\n\n<div style=\"height:100px\" aria-hidden=\"true\" class=\"wp-block-spacer\"><\/div>\n\n\n\n<div class=\"wp-block-columns is-layout-flex wp-container-core-columns-is-layout-9d6595d7 wp-block-columns-is-layout-flex\">\n<div class=\"wp-block-column is-layout-flow wp-block-column-is-layout-flow\">\n<figure class=\"wp-block-image size-full\"><img loading=\"lazy\" decoding=\"async\" width=\"669\" height=\"947\" src=\"https:\/\/bm-cat.com\/be\/wp-content\/uploads\/sites\/3\/2025\/06\/Cover_FR.png\" alt=\"\" class=\"wp-image-26605\" srcset=\"https:\/\/bm-cat.com\/be\/wp-content\/uploads\/sites\/3\/2025\/06\/Cover_FR.png 669w, https:\/\/bm-cat.com\/be\/wp-content\/uploads\/sites\/3\/2025\/06\/Cover_FR-212x300.png 212w, https:\/\/bm-cat.com\/be\/wp-content\/uploads\/sites\/3\/2025\/06\/Cover_FR-600x849.png 600w\" sizes=\"auto, (max-width: 669px) 100vw, 669px\" \/><\/figure>\n\n\n\n<div style=\"height:50px\" aria-hidden=\"true\" class=\"wp-block-spacer\"><\/div>\n\n\n\n<p class=\"has-text-align-center\">Num\u00e9ro 1 2025<\/p>\n\n\n\n<a class=\"button button-md default-button\" style=\"margin: 20px auto \" href=\"https:\/\/content.catmagazine.digital\/issue_1_2025\/2552-Bergerat_Monnoyeur_Belgium-FR\/index.html\" target=\"_blank\" rel=\"noopener\">T\u00e9l\u00e9charger<\/a>\n<\/div>\n\n\n\n<div class=\"wp-block-column is-layout-flow wp-block-column-is-layout-flow\">\n<figure class=\"wp-block-image size-full\"><img loading=\"lazy\" decoding=\"async\" width=\"666\" height=\"944\" src=\"https:\/\/bm-cat.com\/be\/wp-content\/uploads\/sites\/3\/2025\/09\/Cover-FR.png\" alt=\"\" class=\"wp-image-27370\" srcset=\"https:\/\/bm-cat.com\/be\/wp-content\/uploads\/sites\/3\/2025\/09\/Cover-FR.png 666w, https:\/\/bm-cat.com\/be\/wp-content\/uploads\/sites\/3\/2025\/09\/Cover-FR-212x300.png 212w, https:\/\/bm-cat.com\/be\/wp-content\/uploads\/sites\/3\/2025\/09\/Cover-FR-600x850.png 600w\" sizes=\"auto, (max-width: 666px) 100vw, 666px\" \/><\/figure>\n\n\n\n<div style=\"height:50px\" aria-hidden=\"true\" class=\"wp-block-spacer\"><\/div>\n\n\n\n<p class=\"has-text-align-center\">Num\u00e9ro 2 2025<\/p>\n\n\n\n<a class=\"button button-md default-button\" style=\"margin: 20px auto \" href=\"https:\/\/content.catmagazine.digital\/issue_2_2025\/2568-Bergerat_Monnoyeur_Belgium-FR\/index.html\" target=\"_blank\" rel=\"noopener\">T\u00e9l\u00e9charger<\/a>\n\n\n\n<div class=\"wp-block-buttons is-layout-flex wp-block-buttons-is-layout-flex\"><\/div>\n<\/div>\n\n\n\n<div class=\"wp-block-column is-layout-flow wp-block-column-is-layout-flow\">\n<figure class=\"wp-block-image size-large\"><img loading=\"lazy\" decoding=\"async\" width=\"724\" height=\"1024\" src=\"https:\/\/bm-cat.com\/be\/wp-content\/uploads\/sites\/3\/2025\/12\/IMG_0298-724x1024.jpeg\" alt=\"\" class=\"wp-image-28231\" srcset=\"https:\/\/bm-cat.com\/be\/wp-content\/uploads\/sites\/3\/2025\/12\/IMG_0298-724x1024.jpeg 724w, https:\/\/bm-cat.com\/be\/wp-content\/uploads\/sites\/3\/2025\/12\/IMG_0298-212x300.jpeg 212w, https:\/\/bm-cat.com\/be\/wp-content\/uploads\/sites\/3\/2025\/12\/IMG_0298-768x1087.jpeg 768w, https:\/\/bm-cat.com\/be\/wp-content\/uploads\/sites\/3\/2025\/12\/IMG_0298-1085x1536.jpeg 1085w, https:\/\/bm-cat.com\/be\/wp-content\/uploads\/sites\/3\/2025\/12\/IMG_0298-600x849.jpeg 600w, https:\/\/bm-cat.com\/be\/wp-content\/uploads\/sites\/3\/2025\/12\/IMG_0298.jpeg 1231w\" sizes=\"auto, (max-width: 724px) 100vw, 724px\" \/><\/figure>\n\n\n\n<div style=\"height:50px\" aria-hidden=\"true\" class=\"wp-block-spacer\"><\/div>\n\n\n\n<p class=\"has-text-align-center\">Num\u00e9ro 3 2025<\/p>\n\n\n\n<a class=\"button button-md default-button\" style=\"margin: 20px auto \" href=\"https:\/\/content.catmagazine.digital\/issue_3_2025\/2584-Bergerat_Monnoyeur_Belgium-FR\/index.html#p=1\" target=\"_blank\" rel=\"noopener\">T\u00e9l\u00e9charger<\/a>\n<\/div>\n<\/div>\n","protected":false},"excerpt":{"rendered":"<p>Concessionnaire exclusif de la marque Caterpillar, Bergerat Monnoyeur est convaincu que c\u2019est notre responsabilit\u00e9 de fournir \u00e0 nos clients les derni\u00e8res nouvelles et mises \u00e0 jour.Le Cat Magazine est complet avec contenu, introduisant de nouvelles machines, technologies les plus r\u00e9centes et de la lecture int\u00e9ressante sur ce qui pourrait \u00eatre la prochaine \u00e9volution Ci-dessous vous [&hellip;]<\/p>\n","protected":false},"author":4,"featured_media":0,"parent":0,"menu_order":0,"comment_status":"closed","ping_status":"closed","template":"","meta":{"_acf_changed":false,"_sitemap_exclude":false,"_sitemap_priority":"","_sitemap_frequency":"","footnotes":""},"class_list":["post-17256","page","type-page","status-publish","hentry"],"acf":[],"_links":{"self":[{"href":"https:\/\/bm-cat.com\/be\/wp-json\/wp\/v2\/pages\/17256","targetHints":{"allow":["GET"]}}],"collection":[{"href":"https:\/\/bm-cat.com\/be\/wp-json\/wp\/v2\/pages"}],"about":[{"href":"https:\/\/bm-cat.com\/be\/wp-json\/wp\/v2\/types\/page"}],"author":[{"embeddable":true,"href":"https:\/\/bm-cat.com\/be\/wp-json\/wp\/v2\/users\/4"}],"replies":[{"embeddable":true,"href":"https:\/\/bm-cat.com\/be\/wp-json\/wp\/v2\/comments?post=17256"}],"version-history":[{"count":29,"href":"https:\/\/bm-cat.com\/be\/wp-json\/wp\/v2\/pages\/17256\/revisions"}],"predecessor-version":[{"id":28240,"href":"https:\/\/bm-cat.com\/be\/wp-json\/wp\/v2\/pages\/17256\/revisions\/28240"}],"wp:attachment":[{"href":"https:\/\/bm-cat.com\/be\/wp-json\/wp\/v2\/media?parent=17256"}],"curies":[{"name":"wp","href":"https:\/\/api.w.org\/{rel}","templated":true}]}}