{"id":24315,"date":"2024-09-12T07:33:53","date_gmt":"2024-09-12T07:33:53","guid":{"rendered":"https:\/\/bm-cat.com\/be\/?page_id=24315"},"modified":"2024-09-12T07:42:50","modified_gmt":"2024-09-12T07:42:50","slug":"buy-now-pay-later-conditions-promotionnelles","status":"publish","type":"page","link":"https:\/\/bm-cat.com\/be\/conditions-generales\/buy-now-pay-later-conditions-promotionnelles\/","title":{"rendered":"Buy now, pay later Conditions promotionnelles"},"content":{"rendered":"<h1>Buy now, pay later Conditions promotionnelles<\/h1>\n<hr class=\"mb-20\" style=\"width: 100px; border: 3px solid #ffcc00; background: #ffcc00; margin: 20px 0px;\">\n<p>Message publicitaire \u00e0 des fins promotionnelles. Offre valable pour toute commande de machine Cat neuve, parmi les mod\u00e8les \u00e9ligibles, aupr\u00e8s de Bergerat Monnoyeur S.A. (BM) jusqu\u2019au 30 novembre 2024 et factur\u00e9e en 2024, dans la limite des stocks disponibles. BM est un concessionnaire de machines et services CAT. Offre bas\u00e9e sur 3 loyers mensuels \u00e0 1 \u20ac HTVA, \u00e0 payer \u00e0 partir de la livraison de la machine, suivis de loyers mensuels calcul\u00e9s sur la dur\u00e9e restante du financement. Offre r\u00e9serv\u00e9e aux soci\u00e9t\u00e9s belges et luxembourgeoises uniquement, qui obtiennent un accord de cr\u00e9dit pendant la p\u00e9riode de l\u2019offre. Toute offre de financement est sous r\u00e9serve d&rsquo;acceptation par Caterpillar Financial Services Belgium S.R.L. (Cat Financial). Toutes les demandes ne sont pas admissibles. Des conditions suppl\u00e9mentaires peuvent s&rsquo;appliquer. Contactez Cat Financial pour plus d&rsquo;informations.<\/p>\n","protected":false},"excerpt":{"rendered":"<p>Buy now, pay later Conditions promotionnelles Message publicitaire \u00e0 des fins promotionnelles. Offre valable pour toute commande de machine Cat neuve, parmi les mod\u00e8les \u00e9ligibles, aupr\u00e8s de Bergerat Monnoyeur S.A. (BM) jusqu\u2019au 30 novembre 2024 et factur\u00e9e en 2024, dans la limite des stocks disponibles. BM est un concessionnaire de machines et services CAT. Offre [&hellip;]<\/p>\n","protected":false},"author":4,"featured_media":0,"parent":24316,"menu_order":0,"comment_status":"closed","ping_status":"closed","template":"","meta":{"_acf_changed":false,"_sitemap_exclude":false,"_sitemap_priority":"","_sitemap_frequency":"","footnotes":""},"class_list":["post-24315","page","type-page","status-publish","hentry"],"acf":[],"_links":{"self":[{"href":"https:\/\/bm-cat.com\/be\/wp-json\/wp\/v2\/pages\/24315","targetHints":{"allow":["GET"]}}],"collection":[{"href":"https:\/\/bm-cat.com\/be\/wp-json\/wp\/v2\/pages"}],"about":[{"href":"https:\/\/bm-cat.com\/be\/wp-json\/wp\/v2\/types\/page"}],"author":[{"embeddable":true,"href":"https:\/\/bm-cat.com\/be\/wp-json\/wp\/v2\/users\/4"}],"replies":[{"embeddable":true,"href":"https:\/\/bm-cat.com\/be\/wp-json\/wp\/v2\/comments?post=24315"}],"version-history":[{"count":5,"href":"https:\/\/bm-cat.com\/be\/wp-json\/wp\/v2\/pages\/24315\/revisions"}],"predecessor-version":[{"id":24322,"href":"https:\/\/bm-cat.com\/be\/wp-json\/wp\/v2\/pages\/24315\/revisions\/24322"}],"up":[{"embeddable":true,"href":"https:\/\/bm-cat.com\/be\/wp-json\/wp\/v2\/pages\/24316"}],"wp:attachment":[{"href":"https:\/\/bm-cat.com\/be\/wp-json\/wp\/v2\/media?parent=24315"}],"curies":[{"name":"wp","href":"https:\/\/api.w.org\/{rel}","templated":true}]}}