{"id":18547,"date":"2024-01-25T17:35:24","date_gmt":"2024-01-25T17:35:24","guid":{"rendered":"https:\/\/ppr.bm-cat.com\/be\/product\/725\/"},"modified":"2024-03-05T21:40:10","modified_gmt":"2024-03-05T21:40:10","slug":"725","status":"publish","type":"product","link":"https:\/\/bm-cat.com\/be\/produit\/725\/","title":{"rendered":"725"},"content":{"rendered":"<p>Le Cat\u00ae 725 b\u00e9n\u00e9ficie d&rsquo;un design de cabine de classe internationale, repens\u00e9e en tenant compte du retours de ses utilisateurs dans le monde entier pour plus de confort et de facilit\u00e9 d&rsquo;utilisation. Parmi les am\u00e9liorations, citons de nouvelles commandes, des fonctions de protection de la transmission, un syst\u00e8me avanc\u00e9 d&rsquo;assistance au levage, un syst\u00e8me de commande de traction automatique, une commande de ralentisseur automatique, un syst\u00e8me d&rsquo;avertissement de retournement de la machine et d&rsquo;assistance \u00e0 la stabilit\u00e9, ainsi qu&rsquo;un mode ECO pour \u00e9conomiser le carburant.<\/p>\n","protected":false},"excerpt":{"rendered":"<p>Le Cat\u00ae 725 b\u00e9n\u00e9ficie d&rsquo;un design de cabine de classe internationale, repens\u00e9e en tenant compte du retours de ses utilisateurs dans le monde entier pour plus de confort et de facilit\u00e9 d&rsquo;utilisation. Parmi les am\u00e9liorations, citons de nouvelles commandes, des fonctions de protection de la transmission, un syst\u00e8me avanc\u00e9 d&rsquo;assistance au levage, un syst\u00e8me de commande de traction automatique, une commande de ralentisseur automatique, un syst\u00e8me d&rsquo;avertissement de retournement de la machine et d&rsquo;assistance \u00e0 la stabilit\u00e9, ainsi qu&rsquo;un mode ECO pour \u00e9conomiser le carburant.<\/p>\n","protected":false},"featured_media":0,"comment_status":"open","ping_status":"closed","template":"","meta":{"_acf_changed":false,"_sitemap_exclude":false,"_sitemap_priority":"","_sitemap_frequency":""},"product_feature":[],"product_cat":[1905],"product_tag":[],"class_list":{"0":"post-18547","1":"product","2":"type-product","3":"status-publish","5":"product_cat-tombereaux-articules-a-trois-essieux","7":"first","8":"instock","9":"shipping-taxable","10":"product-type-simple"},"acf":[],"_links":{"self":[{"href":"https:\/\/bm-cat.com\/be\/wp-json\/wp\/v2\/product\/18547","targetHints":{"allow":["GET"]}}],"collection":[{"href":"https:\/\/bm-cat.com\/be\/wp-json\/wp\/v2\/product"}],"about":[{"href":"https:\/\/bm-cat.com\/be\/wp-json\/wp\/v2\/types\/product"}],"replies":[{"embeddable":true,"href":"https:\/\/bm-cat.com\/be\/wp-json\/wp\/v2\/comments?post=18547"}],"wp:attachment":[{"href":"https:\/\/bm-cat.com\/be\/wp-json\/wp\/v2\/media?parent=18547"}],"wp:term":[{"taxonomy":"product_feature","embeddable":true,"href":"https:\/\/bm-cat.com\/be\/wp-json\/wp\/v2\/product_feature?post=18547"},{"taxonomy":"product_cat","embeddable":true,"href":"https:\/\/bm-cat.com\/be\/wp-json\/wp\/v2\/product_cat?post=18547"},{"taxonomy":"product_tag","embeddable":true,"href":"https:\/\/bm-cat.com\/be\/wp-json\/wp\/v2\/product_tag?post=18547"}],"curies":[{"name":"wp","href":"https:\/\/api.w.org\/{rel}","templated":true}]}}