{"id":18555,"date":"2024-01-25T17:37:23","date_gmt":"2024-01-25T17:37:23","guid":{"rendered":"https:\/\/ppr.bm-cat.com\/be\/product\/745\/"},"modified":"2024-03-05T21:40:16","modified_gmt":"2024-03-05T21:40:16","slug":"745","status":"publish","type":"product","link":"https:\/\/bm-cat.com\/be\/produit\/745\/","title":{"rendered":"745"},"content":{"rendered":"<p>Avec sa capacit\u00e9 de 25&nbsp;m\u00b3 (32,7&nbsp;yd\u00b3) et 41 tonnes m\u00e9triques (45,2 tonnes US), le mod\u00e8le 745&nbsp;Cat offre, outre un niveau de confort du conducteur in\u00e9gal\u00e9, une meilleure long\u00e9vit\u00e9 et un nombre exceptionnel de fonctionnalit\u00e9s, la productivit\u00e9 \u00e9lev\u00e9e et les co\u00fbts d&rsquo;exploitation r\u00e9duits qui ont fait la renomm\u00e9e des tombereaux articul\u00e9s Cat.&amp;lt;br&amp;gt;Ce tombereau articul\u00e9 est \u00e9quip\u00e9 d&rsquo;une cabine nouvelle g\u00e9n\u00e9ration, l&rsquo;endroit id\u00e9al pour aider nos conducteurs \u00e0 b\u00e2tir l&rsquo;avenir.<\/p>\n","protected":false},"excerpt":{"rendered":"<p>Le Cat\u00ae 745 b\u00e9n\u00e9ficie d&rsquo;un design de cabine de classe internationale, r\u00e9pens\u00e9e en tenant compte du retours de ses utilisateurs dans le monde entier pour plus de confort et de facilit\u00e9 d&rsquo;utilisation. Parmi les am\u00e9liorations, citons de nouvelles commandes, des fonctions de protection de la transmission, un syst\u00e8me avanc\u00e9 d&rsquo;assistance au levage, un syst\u00e8me de commande de traction automatique, un syst\u00e8me d&rsquo;avertissement de retournement de la machine et d&rsquo;assistance \u00e0 la stabilit\u00e9, ainsi qu&rsquo;un mode ECO pour \u00e9conomiser le carburant.<\/p>\n","protected":false},"featured_media":0,"comment_status":"open","ping_status":"closed","template":"","meta":{"_acf_changed":false,"_sitemap_exclude":false,"_sitemap_priority":"","_sitemap_frequency":""},"product_feature":[],"product_cat":[1905],"product_tag":[],"class_list":{"0":"post-18555","1":"product","2":"type-product","3":"status-publish","5":"product_cat-tombereaux-articules-a-trois-essieux","7":"first","8":"instock","9":"shipping-taxable","10":"product-type-simple"},"acf":[],"_links":{"self":[{"href":"https:\/\/bm-cat.com\/be\/wp-json\/wp\/v2\/product\/18555","targetHints":{"allow":["GET"]}}],"collection":[{"href":"https:\/\/bm-cat.com\/be\/wp-json\/wp\/v2\/product"}],"about":[{"href":"https:\/\/bm-cat.com\/be\/wp-json\/wp\/v2\/types\/product"}],"replies":[{"embeddable":true,"href":"https:\/\/bm-cat.com\/be\/wp-json\/wp\/v2\/comments?post=18555"}],"wp:attachment":[{"href":"https:\/\/bm-cat.com\/be\/wp-json\/wp\/v2\/media?parent=18555"}],"wp:term":[{"taxonomy":"product_feature","embeddable":true,"href":"https:\/\/bm-cat.com\/be\/wp-json\/wp\/v2\/product_feature?post=18555"},{"taxonomy":"product_cat","embeddable":true,"href":"https:\/\/bm-cat.com\/be\/wp-json\/wp\/v2\/product_cat?post=18555"},{"taxonomy":"product_tag","embeddable":true,"href":"https:\/\/bm-cat.com\/be\/wp-json\/wp\/v2\/product_tag?post=18555"}],"curies":[{"name":"wp","href":"https:\/\/api.w.org\/{rel}","templated":true}]}}