{"id":18559,"date":"2024-01-25T17:38:40","date_gmt":"2024-01-25T17:38:40","guid":{"rendered":"https:\/\/ppr.bm-cat.com\/be\/product\/ap455\/"},"modified":"2024-03-05T21:40:19","modified_gmt":"2024-03-05T21:40:19","slug":"ap455","status":"publish","type":"product","link":"https:\/\/bm-cat.com\/be\/produit\/ap455\/","title":{"rendered":"AP455"},"content":{"rendered":"<p>Le Finisseur AP455 Mobil-trac\u2122 offre une excellente traction et mobilit\u00e9, ainsi qu&rsquo;une configuration facile et une large plage de pose de rev\u00eatement, qui font de lui d&rsquo;outil id\u00e9al pour les rev\u00eatements urbains, les parkings, les routes de campagne et de nombreuses autres applications de type petit \u00e0 moyen.<\/p>\n","protected":false},"excerpt":{"rendered":"<p>Le Finisseur AP455 Mobil-trac\u2122 offre une excellente traction et mobilit\u00e9, ainsi qu&rsquo;une configuration facile et une large plage de pose de rev\u00eatement, qui font de lui d&rsquo;outil id\u00e9al pour les rev\u00eatements urbains, les parkings, les routes de campagne et de nombreuses autres applications de type petit \u00e0 moyen.<\/p>\n","protected":false},"featured_media":0,"comment_status":"open","ping_status":"closed","template":"","meta":{"_acf_changed":false,"_sitemap_exclude":false,"_sitemap_priority":"","_sitemap_frequency":""},"product_feature":[],"product_cat":[1909],"product_tag":[],"class_list":{"0":"post-18559","1":"product","2":"type-product","3":"status-publish","5":"product_cat-finisseurs-a-chaines","7":"first","8":"instock","9":"shipping-taxable","10":"product-type-simple"},"acf":[],"_links":{"self":[{"href":"https:\/\/bm-cat.com\/be\/wp-json\/wp\/v2\/product\/18559","targetHints":{"allow":["GET"]}}],"collection":[{"href":"https:\/\/bm-cat.com\/be\/wp-json\/wp\/v2\/product"}],"about":[{"href":"https:\/\/bm-cat.com\/be\/wp-json\/wp\/v2\/types\/product"}],"replies":[{"embeddable":true,"href":"https:\/\/bm-cat.com\/be\/wp-json\/wp\/v2\/comments?post=18559"}],"wp:attachment":[{"href":"https:\/\/bm-cat.com\/be\/wp-json\/wp\/v2\/media?parent=18559"}],"wp:term":[{"taxonomy":"product_feature","embeddable":true,"href":"https:\/\/bm-cat.com\/be\/wp-json\/wp\/v2\/product_feature?post=18559"},{"taxonomy":"product_cat","embeddable":true,"href":"https:\/\/bm-cat.com\/be\/wp-json\/wp\/v2\/product_cat?post=18559"},{"taxonomy":"product_tag","embeddable":true,"href":"https:\/\/bm-cat.com\/be\/wp-json\/wp\/v2\/product_tag?post=18559"}],"curies":[{"name":"wp","href":"https:\/\/api.w.org\/{rel}","templated":true}]}}