{"id":18591,"date":"2024-01-25T17:56:31","date_gmt":"2024-01-25T17:56:31","guid":{"rendered":"https:\/\/ppr.bm-cat.com\/be\/product\/train-de-roulement-a-chaines-pm312\/"},"modified":"2024-03-05T21:40:39","modified_gmt":"2024-03-05T21:40:39","slug":"train-de-roulement-a-chaines-pm312","status":"publish","type":"product","link":"https:\/\/bm-cat.com\/be\/produit\/train-de-roulement-a-chaines-pm312\/","title":{"rendered":"Train de roulement \u00e0 cha\u00eenes PM312"},"content":{"rendered":"<p>La PM312 est une fraiseuse productive extr\u00eamement maniable avec une largeur de coupe de 1225mm (48,2in) capable d&rsquo;extraire int\u00e9gralement de mani\u00e8re contr\u00f4l\u00e9e les rev\u00eatements d&rsquo;enrob\u00e9 et de b\u00e9ton en une seule passe.<\/p>\n","protected":false},"excerpt":{"rendered":"<p>La PM312 est une fraiseuse productive extr\u00eamement maniable avec une largeur de coupe de 1225mm (48,2in) capable d&rsquo;extraire int\u00e9gralement de mani\u00e8re contr\u00f4l\u00e9e les rev\u00eatements d&rsquo;enrob\u00e9 et de b\u00e9ton en une seule passe.<\/p>\n","protected":false},"featured_media":0,"comment_status":"open","ping_status":"closed","template":"","meta":{"_acf_changed":false,"_sitemap_exclude":false,"_sitemap_priority":"","_sitemap_frequency":""},"product_feature":[],"product_cat":[1921],"product_tag":[],"class_list":{"0":"post-18591","1":"product","2":"type-product","3":"status-publish","5":"product_cat-fraiseuse-de-chaussee","7":"first","8":"instock","9":"shipping-taxable","10":"product-type-simple"},"acf":[],"_links":{"self":[{"href":"https:\/\/bm-cat.com\/be\/wp-json\/wp\/v2\/product\/18591","targetHints":{"allow":["GET"]}}],"collection":[{"href":"https:\/\/bm-cat.com\/be\/wp-json\/wp\/v2\/product"}],"about":[{"href":"https:\/\/bm-cat.com\/be\/wp-json\/wp\/v2\/types\/product"}],"replies":[{"embeddable":true,"href":"https:\/\/bm-cat.com\/be\/wp-json\/wp\/v2\/comments?post=18591"}],"wp:attachment":[{"href":"https:\/\/bm-cat.com\/be\/wp-json\/wp\/v2\/media?parent=18591"}],"wp:term":[{"taxonomy":"product_feature","embeddable":true,"href":"https:\/\/bm-cat.com\/be\/wp-json\/wp\/v2\/product_feature?post=18591"},{"taxonomy":"product_cat","embeddable":true,"href":"https:\/\/bm-cat.com\/be\/wp-json\/wp\/v2\/product_cat?post=18591"},{"taxonomy":"product_tag","embeddable":true,"href":"https:\/\/bm-cat.com\/be\/wp-json\/wp\/v2\/product_tag?post=18591"}],"curies":[{"name":"wp","href":"https:\/\/api.w.org\/{rel}","templated":true}]}}