{"id":18709,"date":"2024-01-26T00:08:08","date_gmt":"2024-01-26T00:08:08","guid":{"rendered":"https:\/\/ppr.bm-cat.com\/be\/product\/315\/"},"modified":"2024-03-05T21:41:58","modified_gmt":"2024-03-05T21:41:58","slug":"315","status":"publish","type":"product","link":"https:\/\/bm-cat.com\/be\/produit\/315\/","title":{"rendered":"315"},"content":{"rendered":"<p>La pelle hydraulique 315 Cat\u00ae offre de meilleures performances dans un design compact. Les technologies Cat de s\u00e9rie, simples d&#8217;emploi am\u00e9liorent l&rsquo;efficacit\u00e9 du conducteur et augmentent la productivit\u00e9 sur le chantier tandis qu&rsquo;une grande cabine ergonomique offre un environnement de travail confortable. Combin\u00e9e avec des points d&rsquo;entretien simplifi\u00e9s, la pelle 315 permet d&rsquo;\u00e9viter toute immobilisation et vous permet de travailler rapidement et efficacement.<\/p>\n","protected":false},"excerpt":{"rendered":"<p>La pelle hydraulique 315 Cat\u00ae offre de meilleures performances dans un design compact. Les technologies Cat de s\u00e9rie, simples d&#8217;emploi am\u00e9liorent l&rsquo;efficacit\u00e9 du conducteur et augmentent la productivit\u00e9 sur le chantier tandis qu&rsquo;une grande cabine ergonomique offre un environnement de travail confortable. Combin\u00e9e avec des points d&rsquo;entretien simplifi\u00e9s, la pelle 315 permet d&rsquo;\u00e9viter toute immobilisation et vous permet de travailler rapidement et efficacement.<\/p>\n","protected":false},"featured_media":0,"comment_status":"open","ping_status":"closed","template":"","meta":{"_acf_changed":false,"_sitemap_exclude":false,"_sitemap_priority":"","_sitemap_frequency":""},"product_feature":[],"product_cat":[1947],"product_tag":[],"class_list":{"0":"post-18709","1":"product","2":"type-product","3":"status-publish","5":"product_cat-petites-pelles-hydrauliques","7":"first","8":"instock","9":"shipping-taxable","10":"product-type-simple"},"acf":[],"_links":{"self":[{"href":"https:\/\/bm-cat.com\/be\/wp-json\/wp\/v2\/product\/18709","targetHints":{"allow":["GET"]}}],"collection":[{"href":"https:\/\/bm-cat.com\/be\/wp-json\/wp\/v2\/product"}],"about":[{"href":"https:\/\/bm-cat.com\/be\/wp-json\/wp\/v2\/types\/product"}],"replies":[{"embeddable":true,"href":"https:\/\/bm-cat.com\/be\/wp-json\/wp\/v2\/comments?post=18709"}],"wp:attachment":[{"href":"https:\/\/bm-cat.com\/be\/wp-json\/wp\/v2\/media?parent=18709"}],"wp:term":[{"taxonomy":"product_feature","embeddable":true,"href":"https:\/\/bm-cat.com\/be\/wp-json\/wp\/v2\/product_feature?post=18709"},{"taxonomy":"product_cat","embeddable":true,"href":"https:\/\/bm-cat.com\/be\/wp-json\/wp\/v2\/product_cat?post=18709"},{"taxonomy":"product_tag","embeddable":true,"href":"https:\/\/bm-cat.com\/be\/wp-json\/wp\/v2\/product_tag?post=18709"}],"curies":[{"name":"wp","href":"https:\/\/api.w.org\/{rel}","templated":true}]}}