{"id":18733,"date":"2024-01-26T02:04:06","date_gmt":"2024-01-26T02:04:06","guid":{"rendered":"https:\/\/ppr.bm-cat.com\/be\/product\/340\/"},"modified":"2024-03-05T21:42:16","modified_gmt":"2024-03-05T21:42:16","slug":"340","status":"publish","type":"product","link":"https:\/\/bm-cat.com\/be\/produit\/340\/","title":{"rendered":"340"},"content":{"rendered":"<p>Avec jusqu&rsquo;\u00e0 10 % de productivit\u00e9 en plus par rapport au mod\u00e8le qu&rsquo;elle remplace, la Cat\u00ae 340 pr\u00e9sente le meilleur rendement horaire de sa cat\u00e9gorie. Ajoutez \u00e0 cela les faibles co\u00fbts d&rsquo;exploitation de la pelle hydraulique et vous serez conquis par les \u00e9conomies r\u00e9alis\u00e9es.<\/p>\n","protected":false},"excerpt":{"rendered":"<p>Avec jusqu&rsquo;\u00e0 10 % de productivit\u00e9 en plus par rapport au mod\u00e8le qu&rsquo;elle remplace, la Cat\u00ae 340 pr\u00e9sente le meilleur rendement horaire de sa cat\u00e9gorie. Ajoutez \u00e0 cela les faibles co\u00fbts d&rsquo;exploitation de la pelle hydraulique et vous serez conquis par les \u00e9conomies r\u00e9alis\u00e9es.<\/p>\n","protected":false},"featured_media":0,"comment_status":"open","ping_status":"closed","template":"","meta":{"_acf_changed":false,"_sitemap_exclude":false,"_sitemap_priority":"","_sitemap_frequency":""},"product_feature":[],"product_cat":[1951],"product_tag":[],"class_list":{"0":"post-18733","1":"product","2":"type-product","3":"status-publish","5":"product_cat-grosses-pelles-hydrauliques","7":"first","8":"instock","9":"shipping-taxable","10":"product-type-simple"},"acf":[],"_links":{"self":[{"href":"https:\/\/bm-cat.com\/be\/wp-json\/wp\/v2\/product\/18733","targetHints":{"allow":["GET"]}}],"collection":[{"href":"https:\/\/bm-cat.com\/be\/wp-json\/wp\/v2\/product"}],"about":[{"href":"https:\/\/bm-cat.com\/be\/wp-json\/wp\/v2\/types\/product"}],"replies":[{"embeddable":true,"href":"https:\/\/bm-cat.com\/be\/wp-json\/wp\/v2\/comments?post=18733"}],"wp:attachment":[{"href":"https:\/\/bm-cat.com\/be\/wp-json\/wp\/v2\/media?parent=18733"}],"wp:term":[{"taxonomy":"product_feature","embeddable":true,"href":"https:\/\/bm-cat.com\/be\/wp-json\/wp\/v2\/product_feature?post=18733"},{"taxonomy":"product_cat","embeddable":true,"href":"https:\/\/bm-cat.com\/be\/wp-json\/wp\/v2\/product_cat?post=18733"},{"taxonomy":"product_tag","embeddable":true,"href":"https:\/\/bm-cat.com\/be\/wp-json\/wp\/v2\/product_tag?post=18733"}],"curies":[{"name":"wp","href":"https:\/\/api.w.org\/{rel}","templated":true}]}}