{"id":18779,"date":"2024-01-26T02:30:42","date_gmt":"2024-01-26T02:30:42","guid":{"rendered":"https:\/\/ppr.bm-cat.com\/be\/product\/2134-mm-84-in\/"},"modified":"2024-03-05T21:49:00","modified_gmt":"2024-03-05T21:49:00","slug":"2134-mm-84-in","status":"publish","type":"product","link":"https:\/\/bm-cat.com\/be\/produit\/2134-mm-84-in\/","title":{"rendered":"2134 mm (84 in)"},"content":{"rendered":"<p>Les lames orientables Cat\u00ae s&rsquo;av\u00e8rent particuli\u00e8rement utiles dans un large \u00e9ventail d&rsquo;applications pour d\u00e9placer les salet\u00e9s, les graviers, les d\u00e9jections animales et la neige. Elles servent \u00e9galement aux travaux de nivellement de finition dans le cadre de projets de construction et d&rsquo;am\u00e9nagement paysager.<\/p>\n","protected":false},"excerpt":{"rendered":"<p>Conception r\u00e9sistante et de grande capacit\u00e9 pour d\u00e9placer les salet\u00e9s, les graviers, les d\u00e9jections animales et la neige.<\/p>\n","protected":false},"featured_media":0,"comment_status":"open","ping_status":"closed","template":"","meta":{"_acf_changed":false,"_sitemap_exclude":false,"_sitemap_priority":"","_sitemap_frequency":""},"product_feature":[],"product_cat":[2024],"product_tag":[],"class_list":{"0":"post-18779","1":"product","2":"type-product","3":"status-publish","5":"product_cat-lames-orientables-produits-compact","7":"first","8":"instock","9":"shipping-taxable","10":"product-type-simple"},"acf":[],"_links":{"self":[{"href":"https:\/\/bm-cat.com\/be\/wp-json\/wp\/v2\/product\/18779","targetHints":{"allow":["GET"]}}],"collection":[{"href":"https:\/\/bm-cat.com\/be\/wp-json\/wp\/v2\/product"}],"about":[{"href":"https:\/\/bm-cat.com\/be\/wp-json\/wp\/v2\/types\/product"}],"replies":[{"embeddable":true,"href":"https:\/\/bm-cat.com\/be\/wp-json\/wp\/v2\/comments?post=18779"}],"wp:attachment":[{"href":"https:\/\/bm-cat.com\/be\/wp-json\/wp\/v2\/media?parent=18779"}],"wp:term":[{"taxonomy":"product_feature","embeddable":true,"href":"https:\/\/bm-cat.com\/be\/wp-json\/wp\/v2\/product_feature?post=18779"},{"taxonomy":"product_cat","embeddable":true,"href":"https:\/\/bm-cat.com\/be\/wp-json\/wp\/v2\/product_cat?post=18779"},{"taxonomy":"product_tag","embeddable":true,"href":"https:\/\/bm-cat.com\/be\/wp-json\/wp\/v2\/product_tag?post=18779"}],"curies":[{"name":"wp","href":"https:\/\/api.w.org\/{rel}","templated":true}]}}