{"id":18825,"date":"2024-01-26T02:35:54","date_gmt":"2024-01-26T02:35:54","guid":{"rendered":"https:\/\/ppr.bm-cat.com\/be\/product\/78-m%c2%b3-103-yd%c2%b3\/"},"modified":"2024-03-05T21:49:32","modified_gmt":"2024-03-05T21:49:32","slug":"78-m%c2%b3-103-yd%c2%b3","status":"publish","type":"product","link":"https:\/\/bm-cat.com\/be\/produit\/78-m%c2%b3-103-yd%c2%b3\/","title":{"rendered":"7,8\u00a0m\u00b3 (10,3\u00a0yd\u00b3)"},"content":{"rendered":"","protected":false},"excerpt":{"rendered":"<p>Les lames \u00e0 rayon variable (VR) sont le choix id\u00e9al pour l&rsquo;am\u00e9nagement de sites et la construction g\u00e9n\u00e9rale, o\u00f9 le sol doit d&rsquo;abord \u00eatre creus\u00e9, puis refoul\u00e9 et o\u00f9 les conditions varient consid\u00e9rablement. \u00c9quip\u00e9e d&rsquo;une lame VR, la machine est en mesure d&rsquo;accomplir efficacement ces deux t\u00e2ches, quelles que soient les conditions du sol.<\/p>\n","protected":false},"featured_media":0,"comment_status":"open","ping_status":"closed","template":"","meta":{"_acf_changed":false,"_sitemap_exclude":false,"_sitemap_priority":"","_sitemap_frequency":""},"product_feature":[],"product_cat":[2039],"product_tag":[],"class_list":{"0":"post-18825","1":"product","2":"type-product","3":"status-publish","5":"product_cat-lames-su-a-rayon-variable","7":"first","8":"instock","9":"shipping-taxable","10":"product-type-simple"},"acf":[],"_links":{"self":[{"href":"https:\/\/bm-cat.com\/be\/wp-json\/wp\/v2\/product\/18825","targetHints":{"allow":["GET"]}}],"collection":[{"href":"https:\/\/bm-cat.com\/be\/wp-json\/wp\/v2\/product"}],"about":[{"href":"https:\/\/bm-cat.com\/be\/wp-json\/wp\/v2\/types\/product"}],"replies":[{"embeddable":true,"href":"https:\/\/bm-cat.com\/be\/wp-json\/wp\/v2\/comments?post=18825"}],"wp:attachment":[{"href":"https:\/\/bm-cat.com\/be\/wp-json\/wp\/v2\/media?parent=18825"}],"wp:term":[{"taxonomy":"product_feature","embeddable":true,"href":"https:\/\/bm-cat.com\/be\/wp-json\/wp\/v2\/product_feature?post=18825"},{"taxonomy":"product_cat","embeddable":true,"href":"https:\/\/bm-cat.com\/be\/wp-json\/wp\/v2\/product_cat?post=18825"},{"taxonomy":"product_tag","embeddable":true,"href":"https:\/\/bm-cat.com\/be\/wp-json\/wp\/v2\/product_tag?post=18825"}],"curies":[{"name":"wp","href":"https:\/\/api.w.org\/{rel}","templated":true}]}}