{"id":18887,"date":"2024-01-26T04:40:55","date_gmt":"2024-01-26T04:40:55","guid":{"rendered":"https:\/\/ppr.bm-cat.com\/be\/product\/m319\/"},"modified":"2024-03-05T21:42:40","modified_gmt":"2024-03-05T21:42:40","slug":"m319","status":"publish","type":"product","link":"https:\/\/bm-cat.com\/be\/produit\/m319\/","title":{"rendered":"M319"},"content":{"rendered":"<p>La Pelle hydraulique sur pneus M319 Cat\u00ae fournit des performances optimales permettant de r\u00e9aliser le travail plus rapidement. \u00c9conomisez du temps et de l&rsquo;argent gr\u00e2ce aux faibles co\u00fbts d&rsquo;entretien, aux intervalles d&rsquo;entretien plus longs et aux points d&rsquo;entretien quotidien tous plac\u00e9s au niveau du sol. LaM319 vous permet de travailler plus longtemps tout en faisant des \u00e9conomies appr\u00e9ciables.<\/p>\n","protected":false},"excerpt":{"rendered":"<p>La Pelle hydraulique sur pneus M319 Cat\u00ae fournit des performances optimales permettant de r\u00e9aliser le travail plus rapidement. \u00c9conomisez du temps et de l&rsquo;argent gr\u00e2ce aux faibles co\u00fbts d&rsquo;entretien, aux intervalles d&rsquo;entretien plus longs et aux points d&rsquo;entretien quotidien tous plac\u00e9s au niveau du sol. LaM319 vous permet de travailler plus longtemps tout en faisant des \u00e9conomies appr\u00e9ciables.<\/p>\n","protected":false},"featured_media":0,"comment_status":"open","ping_status":"closed","template":"","meta":{"_acf_changed":false,"_sitemap_exclude":false,"_sitemap_priority":"","_sitemap_frequency":""},"product_feature":[],"product_cat":[1957],"product_tag":[],"class_list":{"0":"post-18887","1":"product","2":"type-product","3":"status-publish","5":"product_cat-pelles-hydrauliques-sur-pneus","7":"first","8":"instock","9":"shipping-taxable","10":"product-type-simple"},"acf":[],"_links":{"self":[{"href":"https:\/\/bm-cat.com\/be\/wp-json\/wp\/v2\/product\/18887","targetHints":{"allow":["GET"]}}],"collection":[{"href":"https:\/\/bm-cat.com\/be\/wp-json\/wp\/v2\/product"}],"about":[{"href":"https:\/\/bm-cat.com\/be\/wp-json\/wp\/v2\/types\/product"}],"replies":[{"embeddable":true,"href":"https:\/\/bm-cat.com\/be\/wp-json\/wp\/v2\/comments?post=18887"}],"wp:attachment":[{"href":"https:\/\/bm-cat.com\/be\/wp-json\/wp\/v2\/media?parent=18887"}],"wp:term":[{"taxonomy":"product_feature","embeddable":true,"href":"https:\/\/bm-cat.com\/be\/wp-json\/wp\/v2\/product_feature?post=18887"},{"taxonomy":"product_cat","embeddable":true,"href":"https:\/\/bm-cat.com\/be\/wp-json\/wp\/v2\/product_cat?post=18887"},{"taxonomy":"product_tag","embeddable":true,"href":"https:\/\/bm-cat.com\/be\/wp-json\/wp\/v2\/product_tag?post=18887"}],"curies":[{"name":"wp","href":"https:\/\/api.w.org\/{rel}","templated":true}]}}