{"id":18903,"date":"2024-01-26T06:13:45","date_gmt":"2024-01-26T06:13:45","guid":{"rendered":"https:\/\/ppr.bm-cat.com\/be\/product\/mh3250\/"},"modified":"2024-03-05T21:42:52","modified_gmt":"2024-03-05T21:42:52","slug":"mh3250","status":"publish","type":"product","link":"https:\/\/bm-cat.com\/be\/produit\/mh3250\/","title":{"rendered":"MH3250"},"content":{"rendered":"<p>La MH3250 Cat\u00ae offre des performances sup\u00e9rieures pour vos applications de manutention. Dot\u00e9e d&rsquo;une cabine spacieuse et ergonomique, la MH3250 offre un environnement de travail confortable pour rester productif toute la journ\u00e9e. Des intervalles d&rsquo;entretien plus longs et une r\u00e9duction de la consommation de carburant pouvant atteindre 15 % pour offrir des co\u00fbts d&rsquo;exploitation jusqu&rsquo;\u00e0 20 % inf\u00e9rieurs. La MH3250 vous fournit la s\u00e9curit\u00e9 et la fiabilit\u00e9 dont vous avez besoin pour vos applications les plus difficiles.<\/p>\n","protected":false},"excerpt":{"rendered":"<p>La MH3250 Cat\u00ae offre des performances sup\u00e9rieures pour vos applications de manutention. Dot\u00e9e d&rsquo;une cabine spacieuse et ergonomique, la MH3250 offre un environnement de travail confortable pour rester productif toute la journ\u00e9e. Des intervalles d&rsquo;entretien plus longs et une r\u00e9duction de la consommation de carburant pouvant atteindre 15 % pour offrir des co\u00fbts d&rsquo;exploitation jusqu&rsquo;\u00e0 20 % inf\u00e9rieurs. La MH3250 vous fournit la s\u00e9curit\u00e9 et la fiabilit\u00e9 dont vous avez besoin pour vos applications les plus difficiles.<\/p>\n","protected":false},"featured_media":0,"comment_status":"open","ping_status":"closed","template":"","meta":{"_acf_changed":false,"_sitemap_exclude":false,"_sitemap_priority":"","_sitemap_frequency":""},"product_feature":[],"product_cat":[1963],"product_tag":[],"class_list":{"0":"post-18903","1":"product","2":"type-product","3":"status-publish","5":"product_cat-pelles-pour-manutention-a-chaines","7":"first","8":"instock","9":"shipping-taxable","10":"product-type-simple"},"acf":[],"_links":{"self":[{"href":"https:\/\/bm-cat.com\/be\/wp-json\/wp\/v2\/product\/18903","targetHints":{"allow":["GET"]}}],"collection":[{"href":"https:\/\/bm-cat.com\/be\/wp-json\/wp\/v2\/product"}],"about":[{"href":"https:\/\/bm-cat.com\/be\/wp-json\/wp\/v2\/types\/product"}],"replies":[{"embeddable":true,"href":"https:\/\/bm-cat.com\/be\/wp-json\/wp\/v2\/comments?post=18903"}],"wp:attachment":[{"href":"https:\/\/bm-cat.com\/be\/wp-json\/wp\/v2\/media?parent=18903"}],"wp:term":[{"taxonomy":"product_feature","embeddable":true,"href":"https:\/\/bm-cat.com\/be\/wp-json\/wp\/v2\/product_feature?post=18903"},{"taxonomy":"product_cat","embeddable":true,"href":"https:\/\/bm-cat.com\/be\/wp-json\/wp\/v2\/product_cat?post=18903"},{"taxonomy":"product_tag","embeddable":true,"href":"https:\/\/bm-cat.com\/be\/wp-json\/wp\/v2\/product_tag?post=18903"}],"curies":[{"name":"wp","href":"https:\/\/api.w.org\/{rel}","templated":true}]}}