{"id":18953,"date":"2024-01-26T08:04:26","date_gmt":"2024-01-26T08:04:26","guid":{"rendered":"https:\/\/ppr.bm-cat.com\/be\/product\/rm800-tier-4f-stage-v-ue\/"},"modified":"2024-03-05T21:43:31","modified_gmt":"2024-03-05T21:43:31","slug":"rm800-tier-4f-stage-v-ue","status":"publish","type":"product","link":"https:\/\/bm-cat.com\/be\/produit\/rm800-tier-4f-stage-v-ue\/","title":{"rendered":"RM800 &#8211; Tier 4F\/Stage V UE"},"content":{"rendered":"<p><span style=\"font-size:11pt\"><span style=\"line-height:107%\"><span style=\"font-family:Calibri,sans-serif\">La recycleuse de chauss\u00e9e\/stabilisatrice de sols RM800 Cat\u00ae a \u00e9t\u00e9 con\u00e7ue pour des projets de recyclage en profondeur et de stabilisation des sols. <\/span><\/span><\/span> Obtenez la polyvalence n\u00e9cessaire aux diverses applications et aux diff\u00e9rents terrains avec une maniabilit\u00e9 exceptionnelle.<span style=\"font-size:11pt\"><span style=\"line-height:107%\"><span style=\"font-family:Calibri,sans-serif\"> Un moteur Cat puissant et un fonctionnement intuitif de la machine offrent un enrob\u00e9 de qualit\u00e9 sup\u00e9rieure. Maintenez facilement la pr\u00e9cision gr\u00e2ce aux fonctions de productivit\u00e9 pratiques et b\u00e9n\u00e9ficiez d&rsquo;un poste de conduite confortable avec une visibilit\u00e9 optimis\u00e9e. La puissance combin\u00e9e avec des commandes de machine avanc\u00e9es offrent des performances pour vous garder productif toute la journ\u00e9e.<\/span><\/span><\/span><\/p>\n","protected":false},"excerpt":{"rendered":"<p><span style=\"font-size:11pt\"><span style=\"line-height:107%\"><span style=\"font-family:Calibri,sans-serif\">La recycleuse\/stabilisatrice RM800 Cat\u00ae est con\u00e7ue pour des projets de recyclage en profondeur et de stabilisation des sols. <\/span><\/span><\/span>Obtenez la polyvalence dont vous avez besoin pour une vari\u00e9t\u00e9 d&rsquo;applications et de terrain avec une maniabilit\u00e9 exceptionnelle.<span style=\"font-size:11pt\"><span style=\"line-height:107%\"><span style=\"font-family:Calibri,sans-serif\"> Un moteur Cat puissant et un fonctionnement intuitif de la machine offrent un enrob\u00e9 de qualit\u00e9 sup\u00e9rieure. Maintenez facilement la pr\u00e9cision gr\u00e2ce aux fonctions de productivit\u00e9 pratiques et b\u00e9n\u00e9ficiez d&rsquo;un poste de conduite confortable avec une visibilit\u00e9 optimis\u00e9e. La puissance combin\u00e9e avec des commandes de machine avanc\u00e9es offrent des performances pour vous garder productif toute la journ\u00e9e.<\/span><\/span><\/span><\/p>\n","protected":false},"featured_media":0,"comment_status":"open","ping_status":"closed","template":"","meta":{"_acf_changed":false,"_sitemap_exclude":false,"_sitemap_priority":"","_sitemap_frequency":""},"product_feature":[],"product_cat":[1979],"product_tag":[],"class_list":{"0":"post-18953","1":"product","2":"type-product","3":"status-publish","5":"product_cat-recycleuse-de-chaussee","7":"first","8":"instock","9":"shipping-taxable","10":"product-type-simple"},"acf":[],"_links":{"self":[{"href":"https:\/\/bm-cat.com\/be\/wp-json\/wp\/v2\/product\/18953","targetHints":{"allow":["GET"]}}],"collection":[{"href":"https:\/\/bm-cat.com\/be\/wp-json\/wp\/v2\/product"}],"about":[{"href":"https:\/\/bm-cat.com\/be\/wp-json\/wp\/v2\/types\/product"}],"replies":[{"embeddable":true,"href":"https:\/\/bm-cat.com\/be\/wp-json\/wp\/v2\/comments?post=18953"}],"wp:attachment":[{"href":"https:\/\/bm-cat.com\/be\/wp-json\/wp\/v2\/media?parent=18953"}],"wp:term":[{"taxonomy":"product_feature","embeddable":true,"href":"https:\/\/bm-cat.com\/be\/wp-json\/wp\/v2\/product_feature?post=18953"},{"taxonomy":"product_cat","embeddable":true,"href":"https:\/\/bm-cat.com\/be\/wp-json\/wp\/v2\/product_cat?post=18953"},{"taxonomy":"product_tag","embeddable":true,"href":"https:\/\/bm-cat.com\/be\/wp-json\/wp\/v2\/product_tag?post=18953"}],"curies":[{"name":"wp","href":"https:\/\/api.w.org\/{rel}","templated":true}]}}