{"id":19474,"date":"2024-01-27T01:11:43","date_gmt":"2024-01-27T01:11:43","guid":{"rendered":"https:\/\/ppr.bm-cat.com\/be\/product\/visionlink\/"},"modified":"2024-03-05T21:35:58","modified_gmt":"2024-03-05T21:35:58","slug":"visionlink","status":"publish","type":"product","link":"https:\/\/bm-cat.com\/be\/produit\/visionlink\/","title":{"rendered":"VisionLink\u00ae"},"content":{"rendered":"<p>VisionLink\u00ae est une application logicielle dans le Cloud qui permet de cesser les devinettes concernant la gestion du parc gr\u00e2ce \u00e0 des informations cl\u00e9s permettant d&rsquo;optimiser les performances, ind\u00e9pendamment de la taille du parc ou du constructeur d&rsquo;\u00e9quipement. Recevez facilement les donn\u00e9es des \u00e9quipements sur votre ordinateur de bureau ou votre appareil mobile \u00e0 partir d&rsquo;une solution centralis\u00e9e et pratique pour prendre des d\u00e9cisions \u00e9clair\u00e9es \u00e0 chaque \u00e9tape.<\/p>\n","protected":false},"excerpt":{"rendered":"<p>VisionLink\u00ae est une application logicielle dans le Cloud qui permet de cesser les devinettes concernant la gestion du parc gr\u00e2ce \u00e0 des informations cl\u00e9s permettant d&rsquo;optimiser les performances, ind\u00e9pendamment de la taille du parc ou du constructeur d&rsquo;\u00e9quipement. Recevez facilement les donn\u00e9es des \u00e9quipements sur votre ordinateur de bureau ou votre appareil mobile \u00e0 partir d&rsquo;une solution centralis\u00e9e et pratique pour prendre des d\u00e9cisions \u00e9clair\u00e9es \u00e0 chaque \u00e9tape.<\/p>\n","protected":false},"featured_media":0,"comment_status":"open","ping_status":"closed","template":"","meta":{"_acf_changed":false,"_sitemap_exclude":false,"_sitemap_priority":"","_sitemap_frequency":""},"product_feature":[],"product_cat":[2325],"product_tag":[],"class_list":{"0":"post-19474","1":"product","2":"type-product","3":"status-publish","5":"product_cat-gestion-des-equipements-gestion-des-equipements-technologie-2","7":"first","8":"instock","9":"shipping-taxable","10":"product-type-simple"},"acf":[],"_links":{"self":[{"href":"https:\/\/bm-cat.com\/be\/wp-json\/wp\/v2\/product\/19474","targetHints":{"allow":["GET"]}}],"collection":[{"href":"https:\/\/bm-cat.com\/be\/wp-json\/wp\/v2\/product"}],"about":[{"href":"https:\/\/bm-cat.com\/be\/wp-json\/wp\/v2\/types\/product"}],"replies":[{"embeddable":true,"href":"https:\/\/bm-cat.com\/be\/wp-json\/wp\/v2\/comments?post=19474"}],"wp:attachment":[{"href":"https:\/\/bm-cat.com\/be\/wp-json\/wp\/v2\/media?parent=19474"}],"wp:term":[{"taxonomy":"product_feature","embeddable":true,"href":"https:\/\/bm-cat.com\/be\/wp-json\/wp\/v2\/product_feature?post=19474"},{"taxonomy":"product_cat","embeddable":true,"href":"https:\/\/bm-cat.com\/be\/wp-json\/wp\/v2\/product_cat?post=19474"},{"taxonomy":"product_tag","embeddable":true,"href":"https:\/\/bm-cat.com\/be\/wp-json\/wp\/v2\/product_tag?post=19474"}],"curies":[{"name":"wp","href":"https:\/\/api.w.org\/{rel}","templated":true}]}}