{"id":19480,"date":"2024-01-27T01:12:04","date_gmt":"2024-01-27T01:12:04","guid":{"rendered":"https:\/\/ppr.bm-cat.com\/be\/product\/mise-a-jour-a-distance-cat\/"},"modified":"2024-03-05T21:36:02","modified_gmt":"2024-03-05T21:36:02","slug":"mise-a-jour-a-distance-cat","status":"publish","type":"product","link":"https:\/\/bm-cat.com\/be\/produit\/mise-a-jour-a-distance-cat\/","title":{"rendered":"Mise \u00e0 jour \u00e0 distance Cat"},"content":{"rendered":"<p>La Mise \u00e0 jour \u00e0 distance Cat envoie une alerte de votre concessionnaire Cat, pour vous inviter \u00e0 mettre \u00e0 jour les logiciels sur votre machine. Pour minimiser l&rsquo;immobilisation, il est possible de d\u00e9ployer les mises \u00e0 jour sur le chantier sans attendre l&rsquo;arriv\u00e9e d&rsquo;un technicien de concessionnaire. La Mise \u00e0 jour \u00e0 distance r\u00e9duit le temps d&rsquo;entretien et permet de conserver le rendement optimal de vos \u00e9quipements.<\/p>\n","protected":false},"excerpt":{"rendered":"<p>La Mise \u00e0 jour \u00e0 distance Cat envoie une alerte de votre concessionnaire Cat, pour vous inviter \u00e0 mettre \u00e0 jour les logiciels sur votre machine. Pour minimiser l&rsquo;immobilisation, il est possible de d\u00e9ployer les mises \u00e0 jour sur le chantier sans attendre l&rsquo;arriv\u00e9e d&rsquo;un technicien de concessionnaire. La Mise \u00e0 jour \u00e0 distance r\u00e9duit le temps d&rsquo;entretien et permet de conserver le rendement optimal de vos \u00e9quipements.<\/p>\n","protected":false},"featured_media":0,"comment_status":"open","ping_status":"closed","template":"","meta":{"_acf_changed":false,"_sitemap_exclude":false,"_sitemap_priority":"","_sitemap_frequency":""},"product_feature":[],"product_cat":[2325],"product_tag":[],"class_list":{"0":"post-19480","1":"product","2":"type-product","3":"status-publish","5":"product_cat-gestion-des-equipements-gestion-des-equipements-technologie-2","7":"first","8":"instock","9":"shipping-taxable","10":"product-type-simple"},"acf":[],"_links":{"self":[{"href":"https:\/\/bm-cat.com\/be\/wp-json\/wp\/v2\/product\/19480","targetHints":{"allow":["GET"]}}],"collection":[{"href":"https:\/\/bm-cat.com\/be\/wp-json\/wp\/v2\/product"}],"about":[{"href":"https:\/\/bm-cat.com\/be\/wp-json\/wp\/v2\/types\/product"}],"replies":[{"embeddable":true,"href":"https:\/\/bm-cat.com\/be\/wp-json\/wp\/v2\/comments?post=19480"}],"wp:attachment":[{"href":"https:\/\/bm-cat.com\/be\/wp-json\/wp\/v2\/media?parent=19480"}],"wp:term":[{"taxonomy":"product_feature","embeddable":true,"href":"https:\/\/bm-cat.com\/be\/wp-json\/wp\/v2\/product_feature?post=19480"},{"taxonomy":"product_cat","embeddable":true,"href":"https:\/\/bm-cat.com\/be\/wp-json\/wp\/v2\/product_cat?post=19480"},{"taxonomy":"product_tag","embeddable":true,"href":"https:\/\/bm-cat.com\/be\/wp-json\/wp\/v2\/product_tag?post=19480"}],"curies":[{"name":"wp","href":"https:\/\/api.w.org\/{rel}","templated":true}]}}