{"id":19484,"date":"2024-01-27T01:12:17","date_gmt":"2024-01-27T01:12:17","guid":{"rendered":"https:\/\/ppr.bm-cat.com\/be\/product\/cat-grade-avec-3d-pour-tracteurs\/"},"modified":"2024-03-05T21:36:05","modified_gmt":"2024-03-05T21:36:05","slug":"cat-grade-avec-3d-pour-tracteurs","status":"publish","type":"product","link":"https:\/\/bm-cat.com\/be\/produit\/cat-grade-avec-3d-pour-tracteurs\/","title":{"rendered":"Cat GRADE avec 3D pour tracteurs"},"content":{"rendered":"<p>Cat GRADE avec 3D pour tracteurs est un syst\u00e8me de commande de nivellement mont\u00e9 en usine con\u00e7u pour am\u00e9liorer l&rsquo;efficacit\u00e9, la pr\u00e9cision et la productivit\u00e9 lors du nivellement. Il automatise les mouvements de lame pour les applications de nivellement de pr\u00e9cision et de refoulement intensives, ce qui r\u00e9duit les interventions de l&rsquo;utilisateur de jusqu&rsquo;\u00e0 80 %.<\/p>\n","protected":false},"excerpt":{"rendered":"<p>Cat GRADE avec 3D pour tracteurs est un syst\u00e8me de commande de nivellement mont\u00e9 en usine con\u00e7u pour am\u00e9liorer l&rsquo;efficacit\u00e9, la pr\u00e9cision et la productivit\u00e9 lors du nivellement. Il automatise les mouvements de lame pour les applications de nivellement de pr\u00e9cision et de refoulement intensives, ce qui r\u00e9duit les interventions de l&rsquo;utilisateur de jusqu&rsquo;\u00e0 80 %.<\/p>\n","protected":false},"featured_media":0,"comment_status":"open","ping_status":"closed","template":"","meta":{"_acf_changed":false,"_sitemap_exclude":false,"_sitemap_priority":"","_sitemap_frequency":""},"product_feature":[],"product_cat":[2329],"product_tag":[],"class_list":{"0":"post-19484","1":"product","2":"type-product","3":"status-publish","5":"product_cat-grade-grade-technologie-2","7":"first","8":"instock","9":"shipping-taxable","10":"product-type-simple"},"acf":[],"_links":{"self":[{"href":"https:\/\/bm-cat.com\/be\/wp-json\/wp\/v2\/product\/19484","targetHints":{"allow":["GET"]}}],"collection":[{"href":"https:\/\/bm-cat.com\/be\/wp-json\/wp\/v2\/product"}],"about":[{"href":"https:\/\/bm-cat.com\/be\/wp-json\/wp\/v2\/types\/product"}],"replies":[{"embeddable":true,"href":"https:\/\/bm-cat.com\/be\/wp-json\/wp\/v2\/comments?post=19484"}],"wp:attachment":[{"href":"https:\/\/bm-cat.com\/be\/wp-json\/wp\/v2\/media?parent=19484"}],"wp:term":[{"taxonomy":"product_feature","embeddable":true,"href":"https:\/\/bm-cat.com\/be\/wp-json\/wp\/v2\/product_feature?post=19484"},{"taxonomy":"product_cat","embeddable":true,"href":"https:\/\/bm-cat.com\/be\/wp-json\/wp\/v2\/product_cat?post=19484"},{"taxonomy":"product_tag","embeddable":true,"href":"https:\/\/bm-cat.com\/be\/wp-json\/wp\/v2\/product_tag?post=19484"}],"curies":[{"name":"wp","href":"https:\/\/api.w.org\/{rel}","templated":true}]}}