{"id":19504,"date":"2024-01-27T01:13:38","date_gmt":"2024-01-27T01:13:38","guid":{"rendered":"https:\/\/ppr.bm-cat.com\/be\/product\/cat-payload-avec-systeme-de-gestion-de-la-production-du-tombereau-tpms\/"},"modified":"2024-03-05T21:36:17","modified_gmt":"2024-03-05T21:36:17","slug":"cat-payload-avec-systeme-de-gestion-de-la-production-du-tombereau-tpms","status":"publish","type":"product","link":"https:\/\/bm-cat.com\/be\/produit\/cat-payload-avec-systeme-de-gestion-de-la-production-du-tombereau-tpms\/","title":{"rendered":"Cat Payload avec Syst\u00e8me de gestion de la production du tombereau (TPMS)"},"content":{"rendered":"<p>Cat\u00ae Payload avec syst\u00e8me de gestion de la production du tombereau (TPMS) est un syst\u00e8me de pes\u00e9e de charge utile qui am\u00e9liore la productivit\u00e9 du parc et r\u00e9duit les co\u00fbts d&rsquo;exploitation. Les feux de charge utile et l&rsquo;affichage signalent que la charge appropri\u00e9e est atteinte.<\/p>\n","protected":false},"excerpt":{"rendered":"<p>Cat\u00ae Payload avec Syst\u00e8me de gestion de la production du tombereau (TPMS) est un syst\u00e8me de pes\u00e9e de charge utile qui permet d&rsquo;am\u00e9liorer la productivit\u00e9 du parc et de r\u00e9duire les co\u00fbts d&rsquo;exploitation. Les t\u00e9moins de charge utile et l&rsquo;affichage signalent que la charge appropri\u00e9e est atteinte.<\/p>\n","protected":false},"featured_media":0,"comment_status":"open","ping_status":"closed","template":"","meta":{"_acf_changed":false,"_sitemap_exclude":false,"_sitemap_priority":"","_sitemap_frequency":""},"product_feature":[],"product_cat":[2333],"product_tag":[],"class_list":{"0":"post-19504","1":"product","2":"type-product","3":"status-publish","5":"product_cat-charge-utile-charge-utile-technologie-2-charge-utile","7":"first","8":"instock","9":"shipping-taxable","10":"product-type-simple"},"acf":[],"_links":{"self":[{"href":"https:\/\/bm-cat.com\/be\/wp-json\/wp\/v2\/product\/19504","targetHints":{"allow":["GET"]}}],"collection":[{"href":"https:\/\/bm-cat.com\/be\/wp-json\/wp\/v2\/product"}],"about":[{"href":"https:\/\/bm-cat.com\/be\/wp-json\/wp\/v2\/types\/product"}],"replies":[{"embeddable":true,"href":"https:\/\/bm-cat.com\/be\/wp-json\/wp\/v2\/comments?post=19504"}],"wp:attachment":[{"href":"https:\/\/bm-cat.com\/be\/wp-json\/wp\/v2\/media?parent=19504"}],"wp:term":[{"taxonomy":"product_feature","embeddable":true,"href":"https:\/\/bm-cat.com\/be\/wp-json\/wp\/v2\/product_feature?post=19504"},{"taxonomy":"product_cat","embeddable":true,"href":"https:\/\/bm-cat.com\/be\/wp-json\/wp\/v2\/product_cat?post=19504"},{"taxonomy":"product_tag","embeddable":true,"href":"https:\/\/bm-cat.com\/be\/wp-json\/wp\/v2\/product_tag?post=19504"}],"curies":[{"name":"wp","href":"https:\/\/api.w.org\/{rel}","templated":true}]}}