{"id":19532,"date":"2024-01-29T01:44:02","date_gmt":"2024-01-29T01:44:02","guid":{"rendered":"https:\/\/ppr.bm-cat.com\/be\/product\/966\/"},"modified":"2024-03-05T21:44:28","modified_gmt":"2024-03-05T21:44:28","slug":"966","status":"publish","type":"product","link":"https:\/\/bm-cat.com\/be\/produit\/966\/","title":{"rendered":"966"},"content":{"rendered":"<p>La chargeuse sur pneus 966 Cat\u00ae offre des performances exceptionnelles gr\u00e2ce \u00e0 des technologies simples d&#8217;emploi en standard qui permettent d&rsquo;am\u00e9liorer l&rsquo;efficacit\u00e9 du conducteur et d&rsquo;accro\u00eetre la productivit\u00e9. Les intervalles d&rsquo;entretien sont prolong\u00e9s, ce qui r\u00e9duit les co\u00fbts d&rsquo;entretien. Sa fiabilit\u00e9, sa long\u00e9vit\u00e9 et sa polyvalence en font une machine id\u00e9alement adapt\u00e9e \u00e0 vos besoins.<\/p>\n","protected":false},"excerpt":{"rendered":"<p>La chargeuse sur pneus 966 Cat\u00ae offre des performances exceptionnelles gr\u00e2ce \u00e0 des technologies simples d&#8217;emploi en standard qui permettent d&rsquo;am\u00e9liorer l&rsquo;efficacit\u00e9 du conducteur et d&rsquo;accro\u00eetre la productivit\u00e9. Les intervalles d&rsquo;entretien sont prolong\u00e9s, ce qui r\u00e9duit les co\u00fbts d&rsquo;entretien. Sa fiabilit\u00e9, sa long\u00e9vit\u00e9 et sa polyvalence en font une machine id\u00e9alement adapt\u00e9e \u00e0 vos besoins.<\/p>\n","protected":false},"featured_media":0,"comment_status":"open","ping_status":"closed","template":"","meta":{"_acf_changed":false,"_sitemap_exclude":false,"_sitemap_priority":"","_sitemap_frequency":""},"product_feature":[],"product_cat":[2001],"product_tag":[],"class_list":{"0":"post-19532","1":"product","2":"type-product","3":"status-publish","5":"product_cat-chargeuses-sur-pneus-intermediaires","7":"first","8":"instock","9":"shipping-taxable","10":"product-type-simple"},"acf":[],"_links":{"self":[{"href":"https:\/\/bm-cat.com\/be\/wp-json\/wp\/v2\/product\/19532","targetHints":{"allow":["GET"]}}],"collection":[{"href":"https:\/\/bm-cat.com\/be\/wp-json\/wp\/v2\/product"}],"about":[{"href":"https:\/\/bm-cat.com\/be\/wp-json\/wp\/v2\/types\/product"}],"replies":[{"embeddable":true,"href":"https:\/\/bm-cat.com\/be\/wp-json\/wp\/v2\/comments?post=19532"}],"wp:attachment":[{"href":"https:\/\/bm-cat.com\/be\/wp-json\/wp\/v2\/media?parent=19532"}],"wp:term":[{"taxonomy":"product_feature","embeddable":true,"href":"https:\/\/bm-cat.com\/be\/wp-json\/wp\/v2\/product_feature?post=19532"},{"taxonomy":"product_cat","embeddable":true,"href":"https:\/\/bm-cat.com\/be\/wp-json\/wp\/v2\/product_cat?post=19532"},{"taxonomy":"product_tag","embeddable":true,"href":"https:\/\/bm-cat.com\/be\/wp-json\/wp\/v2\/product_tag?post=19532"}],"curies":[{"name":"wp","href":"https:\/\/api.w.org\/{rel}","templated":true}]}}