{"id":19791,"date":"2024-01-29T17:43:31","date_gmt":"2024-01-29T17:43:31","guid":{"rendered":"https:\/\/ppr.bm-cat.com\/be\/product\/1200mm-47in-4\/"},"modified":"2024-03-05T21:57:33","modified_gmt":"2024-03-05T21:57:33","slug":"1200mm-47in-4","status":"publish","type":"product","link":"https:\/\/bm-cat.com\/be\/produit\/1200mm-47in-4\/","title":{"rendered":"1200mm (47in)"},"content":{"rendered":"<p>Les godets de nivellement pour minipelles hydrauliques Cat\u00ae sont con\u00e7us pour des travaux de terrassement, d&rsquo;excavation, de coupe en pente ou de finition. Ils s&rsquo;ajoutent \u00e0 d&rsquo;autres godets empilables pour une plus grande facilit\u00e9 de transport.<\/p>\n","protected":false},"excerpt":{"rendered":"<p>Pour le curage de foss\u00e9s, le talutage, le nivellement et d&rsquo;autres travaux de finition.<\/p>\n","protected":false},"featured_media":0,"comment_status":"open","ping_status":"closed","template":"","meta":{"_acf_changed":false,"_sitemap_exclude":false,"_sitemap_priority":"","_sitemap_frequency":""},"product_feature":[],"product_cat":[2089],"product_tag":[],"class_list":{"0":"post-19791","1":"product","2":"type-product","3":"status-publish","5":"product_cat-godets-de-nivellement-minipelle-hydraulique","7":"first","8":"instock","9":"shipping-taxable","10":"product-type-simple"},"acf":[],"_links":{"self":[{"href":"https:\/\/bm-cat.com\/be\/wp-json\/wp\/v2\/product\/19791","targetHints":{"allow":["GET"]}}],"collection":[{"href":"https:\/\/bm-cat.com\/be\/wp-json\/wp\/v2\/product"}],"about":[{"href":"https:\/\/bm-cat.com\/be\/wp-json\/wp\/v2\/types\/product"}],"replies":[{"embeddable":true,"href":"https:\/\/bm-cat.com\/be\/wp-json\/wp\/v2\/comments?post=19791"}],"wp:attachment":[{"href":"https:\/\/bm-cat.com\/be\/wp-json\/wp\/v2\/media?parent=19791"}],"wp:term":[{"taxonomy":"product_feature","embeddable":true,"href":"https:\/\/bm-cat.com\/be\/wp-json\/wp\/v2\/product_feature?post=19791"},{"taxonomy":"product_cat","embeddable":true,"href":"https:\/\/bm-cat.com\/be\/wp-json\/wp\/v2\/product_cat?post=19791"},{"taxonomy":"product_tag","embeddable":true,"href":"https:\/\/bm-cat.com\/be\/wp-json\/wp\/v2\/product_tag?post=19791"}],"curies":[{"name":"wp","href":"https:\/\/api.w.org\/{rel}","templated":true}]}}