{"id":20335,"date":"2024-01-29T22:28:26","date_gmt":"2024-01-29T22:28:26","guid":{"rendered":"https:\/\/ppr.bm-cat.com\/be\/product\/2188mm-86in-lame-de-coupe-a-boulonner\/"},"modified":"2024-03-05T22:03:55","modified_gmt":"2024-03-05T22:03:55","slug":"2188mm-86in-lame-de-coupe-a-boulonner","status":"publish","type":"product","link":"https:\/\/bm-cat.com\/be\/produit\/2188mm-86in-lame-de-coupe-a-boulonner\/","title":{"rendered":"2188mm (86in), Lame de coupe \u00e0 boulonner"},"content":{"rendered":"<p>Les godets \u00e0 usage g\u00e9n\u00e9ral Cat\u00ae pour chargeurs Skid Steer et chargeurs \u00e0 chenilles compacts Cat sont con\u00e7us pour creuser, charger, transporter, niveler et d\u00e9verser dans une grande vari\u00e9t\u00e9 d&rsquo;applications et de mat\u00e9riaux. Ces godets standard conviennent parfaitement aux applications industrielles, de construction, d&rsquo;am\u00e9nagement paysager et d&rsquo;autres applications de d\u00e9molition plus agressives.<\/p>\n","protected":false},"excerpt":{"rendered":"<p>Utilis\u00e9s pour creuser, transporter, niveler, d\u00e9charger et aplanir dans une large vari\u00e9t\u00e9 d&rsquo;applications.<\/p>\n","protected":false},"featured_media":0,"comment_status":"open","ping_status":"closed","template":"","meta":{"_acf_changed":false,"_sitemap_exclude":false,"_sitemap_priority":"","_sitemap_frequency":""},"product_feature":[],"product_cat":[2376],"product_tag":[],"class_list":{"0":"post-20335","1":"product","2":"type-product","3":"status-publish","5":"product_cat-godets-normaux-godets-chargeurs-compacts-rigides","7":"first","8":"instock","9":"shipping-taxable","10":"product-type-simple"},"acf":[],"_links":{"self":[{"href":"https:\/\/bm-cat.com\/be\/wp-json\/wp\/v2\/product\/20335","targetHints":{"allow":["GET"]}}],"collection":[{"href":"https:\/\/bm-cat.com\/be\/wp-json\/wp\/v2\/product"}],"about":[{"href":"https:\/\/bm-cat.com\/be\/wp-json\/wp\/v2\/types\/product"}],"replies":[{"embeddable":true,"href":"https:\/\/bm-cat.com\/be\/wp-json\/wp\/v2\/comments?post=20335"}],"wp:attachment":[{"href":"https:\/\/bm-cat.com\/be\/wp-json\/wp\/v2\/media?parent=20335"}],"wp:term":[{"taxonomy":"product_feature","embeddable":true,"href":"https:\/\/bm-cat.com\/be\/wp-json\/wp\/v2\/product_feature?post=20335"},{"taxonomy":"product_cat","embeddable":true,"href":"https:\/\/bm-cat.com\/be\/wp-json\/wp\/v2\/product_cat?post=20335"},{"taxonomy":"product_tag","embeddable":true,"href":"https:\/\/bm-cat.com\/be\/wp-json\/wp\/v2\/product_tag?post=20335"}],"curies":[{"name":"wp","href":"https:\/\/api.w.org\/{rel}","templated":true}]}}