{"id":20363,"date":"2024-01-29T23:00:24","date_gmt":"2024-01-29T23:00:24","guid":{"rendered":"https:\/\/ppr.bm-cat.com\/be\/product\/2036-mm-80-in-lame-de-coupe-a-boulonner-4\/"},"modified":"2024-03-05T22:04:16","modified_gmt":"2024-03-05T22:04:16","slug":"2036-mm-80-in-lame-de-coupe-a-boulonner-4","status":"publish","type":"product","link":"https:\/\/bm-cat.com\/be\/produit\/2036-mm-80-in-lame-de-coupe-a-boulonner-4\/","title":{"rendered":"2036 mm (80 in), Lame de coupe \u00e0 boulonner"},"content":{"rendered":"<p>Les godets \u00e0 profil bas Cat\u00ae pour chargeurs compacts rigides, chargeurs tout-terrain et chargeuses \u00e0 cha\u00eenes compactes ont les m\u00eames caract\u00e9ristiques que les godets normaux, mais ont une capacit\u00e9 moindre. Ils sont recommand\u00e9s pour des espaces restreints o\u00f9 il est n\u00e9cessaire d&rsquo;utiliser un godet \u00e9troit \u00e0 faible capacit\u00e9. Ils peuvent \u00eatre utilis\u00e9s pour des creusements et des excavations mod\u00e9r\u00e9es dans les applications de construction ou d&rsquo;am\u00e9nagement paysager.<\/p>\n","protected":false},"excerpt":{"rendered":"<p>Con\u00e7us pour des creusements mod\u00e9r\u00e9s de la terre.<\/p>\n","protected":false},"featured_media":0,"comment_status":"open","ping_status":"closed","template":"","meta":{"_acf_changed":false,"_sitemap_exclude":false,"_sitemap_priority":"","_sitemap_frequency":""},"product_feature":[],"product_cat":[2124],"product_tag":[],"class_list":{"0":"post-20363","1":"product","2":"type-product","3":"status-publish","5":"product_cat-godets-a-profil-bas","7":"first","8":"instock","9":"shipping-taxable","10":"product-type-simple"},"acf":[],"_links":{"self":[{"href":"https:\/\/bm-cat.com\/be\/wp-json\/wp\/v2\/product\/20363","targetHints":{"allow":["GET"]}}],"collection":[{"href":"https:\/\/bm-cat.com\/be\/wp-json\/wp\/v2\/product"}],"about":[{"href":"https:\/\/bm-cat.com\/be\/wp-json\/wp\/v2\/types\/product"}],"replies":[{"embeddable":true,"href":"https:\/\/bm-cat.com\/be\/wp-json\/wp\/v2\/comments?post=20363"}],"wp:attachment":[{"href":"https:\/\/bm-cat.com\/be\/wp-json\/wp\/v2\/media?parent=20363"}],"wp:term":[{"taxonomy":"product_feature","embeddable":true,"href":"https:\/\/bm-cat.com\/be\/wp-json\/wp\/v2\/product_feature?post=20363"},{"taxonomy":"product_cat","embeddable":true,"href":"https:\/\/bm-cat.com\/be\/wp-json\/wp\/v2\/product_cat?post=20363"},{"taxonomy":"product_tag","embeddable":true,"href":"https:\/\/bm-cat.com\/be\/wp-json\/wp\/v2\/product_tag?post=20363"}],"curies":[{"name":"wp","href":"https:\/\/api.w.org\/{rel}","templated":true}]}}