{"id":20395,"date":"2024-01-29T23:38:18","date_gmt":"2024-01-29T23:38:18","guid":{"rendered":"https:\/\/ppr.bm-cat.com\/be\/product\/2188mm-86in-avec-protection-de-surplus-dents-a-boulonner\/"},"modified":"2024-03-05T22:04:40","modified_gmt":"2024-03-05T22:04:40","slug":"2188mm-86in-avec-protection-de-surplus-dents-a-boulonner","status":"publish","type":"product","link":"https:\/\/bm-cat.com\/be\/produit\/2188mm-86in-avec-protection-de-surplus-dents-a-boulonner\/","title":{"rendered":"2188mm (86in) avec protection de surplus, dents \u00e0 boulonner"},"content":{"rendered":"<p>Les godets multi-usages Cat\u00ae pour chargeurs Skid Steer et chargeurs sur chenilles compacts Cat sont des godets extr\u00eamement durables, id\u00e9aux pour une grande vari\u00e9t\u00e9 de t\u00e2ches dans les applications de construction, d&rsquo;am\u00e9nagement paysager, d&rsquo;industrie et de d\u00e9molition.<\/p>\n","protected":false},"excerpt":{"rendered":"<p>Excellentes forces de serrage permettant de saisir des objets volumineux aux formes irr\u00e9guli\u00e8res, tels que les arbres et les d\u00e9bris de recyclage.<\/p>\n","protected":false},"featured_media":0,"comment_status":"open","ping_status":"closed","template":"","meta":{"_acf_changed":false,"_sitemap_exclude":false,"_sitemap_priority":"","_sitemap_frequency":""},"product_feature":[],"product_cat":[2382],"product_tag":[],"class_list":{"0":"post-20395","1":"product","2":"type-product","3":"status-publish","5":"product_cat-godets-tous-travaux-godets-chargeurs-compacts-rigides","7":"first","8":"instock","9":"shipping-taxable","10":"product-type-simple"},"acf":[],"_links":{"self":[{"href":"https:\/\/bm-cat.com\/be\/wp-json\/wp\/v2\/product\/20395","targetHints":{"allow":["GET"]}}],"collection":[{"href":"https:\/\/bm-cat.com\/be\/wp-json\/wp\/v2\/product"}],"about":[{"href":"https:\/\/bm-cat.com\/be\/wp-json\/wp\/v2\/types\/product"}],"replies":[{"embeddable":true,"href":"https:\/\/bm-cat.com\/be\/wp-json\/wp\/v2\/comments?post=20395"}],"wp:attachment":[{"href":"https:\/\/bm-cat.com\/be\/wp-json\/wp\/v2\/media?parent=20395"}],"wp:term":[{"taxonomy":"product_feature","embeddable":true,"href":"https:\/\/bm-cat.com\/be\/wp-json\/wp\/v2\/product_feature?post=20395"},{"taxonomy":"product_cat","embeddable":true,"href":"https:\/\/bm-cat.com\/be\/wp-json\/wp\/v2\/product_cat?post=20395"},{"taxonomy":"product_tag","embeddable":true,"href":"https:\/\/bm-cat.com\/be\/wp-json\/wp\/v2\/product_tag?post=20395"}],"curies":[{"name":"wp","href":"https:\/\/api.w.org\/{rel}","templated":true}]}}