{"id":20402,"date":"2024-01-29T23:45:43","date_gmt":"2024-01-29T23:45:43","guid":{"rendered":"https:\/\/ppr.bm-cat.com\/be\/product\/1730-mm-68-in-lame-de-coupe-a-boulonner-4\/"},"modified":"2024-03-05T22:04:45","modified_gmt":"2024-03-05T22:04:45","slug":"1730-mm-68-in-lame-de-coupe-a-boulonner-4","status":"publish","type":"product","link":"https:\/\/bm-cat.com\/be\/produit\/1730-mm-68-in-lame-de-coupe-a-boulonner-4\/","title":{"rendered":"1730 mm (68 in), Lame de coupe \u00e0 boulonner"},"content":{"rendered":"<p>Les godets utilitaires de Cat\u00ae pour chargeurs compacts rigides, chargeurs tout-terrain et chargeuses \u00e0 cha\u00eenes compactes Cat sont con\u00e7us pour niveler, aplanir et mettre en tas des mat\u00e9riaux l\u00e9gers comme le paillis, la couche v\u00e9g\u00e9tale s\u00e8che, l&rsquo;alimentation et les d\u00e9jections du b\u00e9tail.<\/p>\n","protected":false},"excerpt":{"rendered":"<p>Con\u00e7us avec parois plus hautes, fond plus long pour mat\u00e9riaux de plus faible densit\u00e9.<\/p>\n","protected":false},"featured_media":0,"comment_status":"open","ping_status":"closed","template":"","meta":{"_acf_changed":false,"_sitemap_exclude":false,"_sitemap_priority":"","_sitemap_frequency":""},"product_feature":[],"product_cat":[2130],"product_tag":[],"class_list":{"0":"post-20402","1":"product","2":"type-product","3":"status-publish","5":"product_cat-godets-utilitaires","7":"first","8":"instock","9":"shipping-taxable","10":"product-type-simple"},"acf":[],"_links":{"self":[{"href":"https:\/\/bm-cat.com\/be\/wp-json\/wp\/v2\/product\/20402","targetHints":{"allow":["GET"]}}],"collection":[{"href":"https:\/\/bm-cat.com\/be\/wp-json\/wp\/v2\/product"}],"about":[{"href":"https:\/\/bm-cat.com\/be\/wp-json\/wp\/v2\/types\/product"}],"replies":[{"embeddable":true,"href":"https:\/\/bm-cat.com\/be\/wp-json\/wp\/v2\/comments?post=20402"}],"wp:attachment":[{"href":"https:\/\/bm-cat.com\/be\/wp-json\/wp\/v2\/media?parent=20402"}],"wp:term":[{"taxonomy":"product_feature","embeddable":true,"href":"https:\/\/bm-cat.com\/be\/wp-json\/wp\/v2\/product_feature?post=20402"},{"taxonomy":"product_cat","embeddable":true,"href":"https:\/\/bm-cat.com\/be\/wp-json\/wp\/v2\/product_cat?post=20402"},{"taxonomy":"product_tag","embeddable":true,"href":"https:\/\/bm-cat.com\/be\/wp-json\/wp\/v2\/product_tag?post=20402"}],"curies":[{"name":"wp","href":"https:\/\/api.w.org\/{rel}","templated":true}]}}