{"id":20592,"date":"2024-01-30T01:21:22","date_gmt":"2024-01-30T01:21:22","guid":{"rendered":"https:\/\/ppr.bm-cat.com\/be\/product\/minipelles-hydrauliques-de-10-tonnes-lcs-avec-attache-a-accouplement-par-axes-s-50\/"},"modified":"2024-03-05T22:06:49","modified_gmt":"2024-03-05T22:06:49","slug":"minipelles-hydrauliques-de-10-tonnes-lcs-avec-attache-a-accouplement-par-axes-s-50","status":"publish","type":"product","link":"https:\/\/bm-cat.com\/be\/produit\/minipelles-hydrauliques-de-10-tonnes-lcs-avec-attache-a-accouplement-par-axes-s-50\/","title":{"rendered":"Minipelles hydrauliques de 10 tonnes LCS avec attache \u00e0 accouplement par axes S-50"},"content":{"rendered":"<p>Les attaches de typeSCat\u00ae pour minipelles hydrauliques int\u00e8grent une conception optimale pour offrir une solution d&rsquo;attache rapide sp\u00e9cifique. Le syst\u00e8me de verrouillage \u00e0 cheville \u00e0 faible d\u00e9port avec attache \u00e0 accouplement par axes garantit un ajustage serr\u00e9 sans aucun jeu de l&rsquo;\u00e9quipement pendant l&rsquo;utilisation. Cette solution permet \u00e9galement de changer d&rsquo;outil de travail entre des plate-formes et marques diff\u00e9rentes. Associ\u00e9e au syst\u00e8me Tilt Rotate pouvant \u00eatre \u00e9quip\u00e9 d&rsquo;une attache de typeS et du grand nombre de godets diff\u00e9rents propos\u00e9s, elle offre une solution d&rsquo;\u00e9quipement compl\u00e8te pour minipelles hydrauliques. La conception de l&rsquo;attache r\u00e9pond aux normes de s\u00e9curit\u00e9 les plus rigoureuses et int\u00e8gre un m\u00e9canisme de verrouillage visible.<\/p>\n","protected":false},"excerpt":{"rendered":"<p>L&rsquo;attache de typeS est une attache sp\u00e9cifique de type attache \u00e0 accouplement par axes. Elle permet d&rsquo;\u00e9changer des outils dans un parc de machines pr\u00e9sentant diff\u00e9rentes plate-formes. Ajustage serr\u00e9 constant sur l&rsquo;\u00e9quipement, faible d\u00e9port et fiabilit\u00e9 sont les caract\u00e9ristiques cl\u00e9s!<\/p>\n","protected":false},"featured_media":0,"comment_status":"open","ping_status":"closed","template":"","meta":{"_acf_changed":false,"_sitemap_exclude":false,"_sitemap_priority":"","_sitemap_frequency":""},"product_feature":[],"product_cat":[2152],"product_tag":[],"class_list":{"0":"post-20592","1":"product","2":"type-product","3":"status-publish","5":"product_cat-attaches-de-types","7":"first","8":"instock","9":"shipping-taxable","10":"product-type-simple"},"acf":[],"_links":{"self":[{"href":"https:\/\/bm-cat.com\/be\/wp-json\/wp\/v2\/product\/20592","targetHints":{"allow":["GET"]}}],"collection":[{"href":"https:\/\/bm-cat.com\/be\/wp-json\/wp\/v2\/product"}],"about":[{"href":"https:\/\/bm-cat.com\/be\/wp-json\/wp\/v2\/types\/product"}],"replies":[{"embeddable":true,"href":"https:\/\/bm-cat.com\/be\/wp-json\/wp\/v2\/comments?post=20592"}],"wp:attachment":[{"href":"https:\/\/bm-cat.com\/be\/wp-json\/wp\/v2\/media?parent=20592"}],"wp:term":[{"taxonomy":"product_feature","embeddable":true,"href":"https:\/\/bm-cat.com\/be\/wp-json\/wp\/v2\/product_feature?post=20592"},{"taxonomy":"product_cat","embeddable":true,"href":"https:\/\/bm-cat.com\/be\/wp-json\/wp\/v2\/product_cat?post=20592"},{"taxonomy":"product_tag","embeddable":true,"href":"https:\/\/bm-cat.com\/be\/wp-json\/wp\/v2\/product_tag?post=20592"}],"curies":[{"name":"wp","href":"https:\/\/api.w.org\/{rel}","templated":true}]}}