{"id":20621,"date":"2024-01-30T01:26:02","date_gmt":"2024-01-30T01:26:02","guid":{"rendered":"https:\/\/ppr.bm-cat.com\/be\/product\/coupleur-fusion-963\/"},"modified":"2024-03-05T22:07:09","modified_gmt":"2024-03-05T22:07:09","slug":"coupleur-fusion-963","status":"publish","type":"product","link":"https:\/\/bm-cat.com\/be\/produit\/coupleur-fusion-963\/","title":{"rendered":"Coupleur Fusion 963"},"content":{"rendered":"","protected":false},"excerpt":{"rendered":"<p>Profitez de la commodit\u00e9 d&rsquo;une attache rapide, pr\u00e9sentant les performances et la longue dur\u00e9e de vie que vous attendez d&rsquo;un outil \u00e0 claveter. Fusion fournit \u00e0 votre chargeuse \u00e0 cha\u00eenes Cat 963D des changements rapides d&rsquo;\u00e9quipements, ainsi qu&rsquo;un couplage robuste sans vibrations et une longue dur\u00e9e de vie.<\/p>\n","protected":false},"featured_media":0,"comment_status":"open","ping_status":"closed","template":"","meta":{"_acf_changed":false,"_sitemap_exclude":false,"_sitemap_priority":"","_sitemap_frequency":""},"product_feature":[],"product_cat":[2158],"product_tag":[],"class_list":{"0":"post-20621","1":"product","2":"type-product","3":"status-publish","5":"product_cat-coupleur-fusion-chargeuse","7":"first","8":"instock","9":"shipping-taxable","10":"product-type-simple"},"acf":[],"_links":{"self":[{"href":"https:\/\/bm-cat.com\/be\/wp-json\/wp\/v2\/product\/20621","targetHints":{"allow":["GET"]}}],"collection":[{"href":"https:\/\/bm-cat.com\/be\/wp-json\/wp\/v2\/product"}],"about":[{"href":"https:\/\/bm-cat.com\/be\/wp-json\/wp\/v2\/types\/product"}],"replies":[{"embeddable":true,"href":"https:\/\/bm-cat.com\/be\/wp-json\/wp\/v2\/comments?post=20621"}],"wp:attachment":[{"href":"https:\/\/bm-cat.com\/be\/wp-json\/wp\/v2\/media?parent=20621"}],"wp:term":[{"taxonomy":"product_feature","embeddable":true,"href":"https:\/\/bm-cat.com\/be\/wp-json\/wp\/v2\/product_feature?post=20621"},{"taxonomy":"product_cat","embeddable":true,"href":"https:\/\/bm-cat.com\/be\/wp-json\/wp\/v2\/product_cat?post=20621"},{"taxonomy":"product_tag","embeddable":true,"href":"https:\/\/bm-cat.com\/be\/wp-json\/wp\/v2\/product_tag?post=20621"}],"curies":[{"name":"wp","href":"https:\/\/api.w.org\/{rel}","templated":true}]}}