{"id":20719,"date":"2024-01-30T01:50:24","date_gmt":"2024-01-30T01:50:24","guid":{"rendered":"https:\/\/ppr.bm-cat.com\/be\/product\/enceinte-24-220-kva-sa-lvl-2\/"},"modified":"2024-03-05T22:08:13","modified_gmt":"2024-03-05T22:08:13","slug":"enceinte-24-220-kva-sa-lvl-2","status":"publish","type":"product","link":"https:\/\/bm-cat.com\/be\/produit\/enceinte-24-220-kva-sa-lvl-2\/","title":{"rendered":"Enceinte 24-220 KVA SA LVL 2"},"content":{"rendered":"<p>Les capotages insonoris\u00e9s de niveau 2 mont\u00e9s en usine int\u00e8grent en interne des silencieux de niveau critique. Ces capotages haut de gamme, con\u00e7us pour la s\u00e9curit\u00e9 et l&rsquo;esth\u00e9tique sur une base de r\u00e9servoir de carburant int\u00e9gr\u00e9, constituent la meilleure offre pour cette gamme. Extr\u00eamement durables et \u00e0 l&rsquo;\u00e9preuve des intemp\u00e9ries, ces capotages sont con\u00e7us pour r\u00e9sister \u00e0 la corrosion et aux d\u00e9t\u00e9riorations li\u00e9es \u00e0 la manipulation.<br \/>Ces capotages insonoris\u00e9s r\u00e9duisent les niveaux sonores afin de respecter les niveaux Stage II de la directive 2000\/14\/CE de la Communaut\u00e9 europ\u00e9enne, entr\u00e9e en vigueur le 3 janvier 2006.<\/p>\n","protected":false},"excerpt":{"rendered":"<p>Les capotages insonoris\u00e9s de niveau 2 mont\u00e9s en usine int\u00e8grent en interne des silencieux de niveau critique. Ces capotages haut de gamme, con\u00e7us pour la s\u00e9curit\u00e9 et l&rsquo;esth\u00e9tique sur une base de r\u00e9servoir de carburant int\u00e9gr\u00e9, constituent la meilleure offre pour cette gamme. Extr\u00eamement durables et \u00e0 l&rsquo;\u00e9preuve des intemp\u00e9ries, ces capotages sont con\u00e7us pour r\u00e9sister \u00e0 la corrosion et aux d\u00e9t\u00e9riorations li\u00e9es \u00e0 la manipulation.<\/p>\n","protected":false},"featured_media":0,"comment_status":"open","ping_status":"closed","template":"","meta":{"_acf_changed":false,"_sitemap_exclude":false,"_sitemap_priority":"","_sitemap_frequency":""},"product_feature":[],"product_cat":[2188],"product_tag":[],"class_list":{"0":"post-20719","1":"product","2":"type-product","3":"status-publish","5":"product_cat-enceintes","7":"first","8":"instock","9":"shipping-taxable","10":"product-type-simple"},"acf":[],"_links":{"self":[{"href":"https:\/\/bm-cat.com\/be\/wp-json\/wp\/v2\/product\/20719","targetHints":{"allow":["GET"]}}],"collection":[{"href":"https:\/\/bm-cat.com\/be\/wp-json\/wp\/v2\/product"}],"about":[{"href":"https:\/\/bm-cat.com\/be\/wp-json\/wp\/v2\/types\/product"}],"replies":[{"embeddable":true,"href":"https:\/\/bm-cat.com\/be\/wp-json\/wp\/v2\/comments?post=20719"}],"wp:attachment":[{"href":"https:\/\/bm-cat.com\/be\/wp-json\/wp\/v2\/media?parent=20719"}],"wp:term":[{"taxonomy":"product_feature","embeddable":true,"href":"https:\/\/bm-cat.com\/be\/wp-json\/wp\/v2\/product_feature?post=20719"},{"taxonomy":"product_cat","embeddable":true,"href":"https:\/\/bm-cat.com\/be\/wp-json\/wp\/v2\/product_cat?post=20719"},{"taxonomy":"product_tag","embeddable":true,"href":"https:\/\/bm-cat.com\/be\/wp-json\/wp\/v2\/product_tag?post=20719"}],"curies":[{"name":"wp","href":"https:\/\/api.w.org\/{rel}","templated":true}]}}