{"id":20812,"date":"2024-01-30T02:17:07","date_gmt":"2024-01-30T02:17:07","guid":{"rendered":"https:\/\/ppr.bm-cat.com\/be\/product\/grappin-en-demi-coquille-ctv40-6100\/"},"modified":"2024-03-05T22:09:15","modified_gmt":"2024-03-05T22:09:15","slug":"grappin-en-demi-coquille-ctv40-6100","status":"publish","type":"product","link":"https:\/\/bm-cat.com\/be\/produit\/grappin-en-demi-coquille-ctv40-6100\/","title":{"rendered":"Grappin en demi-coquille CTV40-6100"},"content":{"rendered":"<p><span style=\"font-size:11pt\"><span style=\"line-height:107%\"><span style=\"font-family:Calibri,sans-serif\">Les grappins en demi-coquille Cat\u00ae vous aident \u00e0 augmenter la productivit\u00e9 pour les applications de transfert. D\u00e9placez plus de mat\u00e9riaux gr\u00e2ce \u00e0 l&rsquo;ouverture et \u00e0 la fermeture rapides pour des temps de cycle courts. La construction robuste et la faible maintenance de l&rsquo;outil lui permettent de fonctionner plus longtemps, vous aidant ainsi \u00e0 gagner du temps et de l&rsquo;argent.<\/span><\/span><\/span><\/p>\n","protected":false},"excerpt":{"rendered":"<p><span style=\"font-size:11pt\"><span style=\"line-height:107%\"><span style=\"font-family:Calibri,sans-serif\">Les grappins en demi-coquille Cat\u00ae vous aident \u00e0 augmenter la productivit\u00e9 pour les applications de transfert. D\u00e9placez plus de mat\u00e9riaux gr\u00e2ce \u00e0 l&rsquo;ouverture et \u00e0 la fermeture rapides pour des temps de cycle courts. La construction robuste et la faible maintenance de l&rsquo;outil lui permettent de fonctionner plus longtemps, vous aidant ainsi \u00e0 gagner du temps et de l&rsquo;argent.<\/span><\/span><\/span><\/p>\n","protected":false},"featured_media":0,"comment_status":"open","ping_status":"closed","template":"","meta":{"_acf_changed":false,"_sitemap_exclude":false,"_sitemap_priority":"","_sitemap_frequency":""},"product_feature":[],"product_cat":[2192],"product_tag":[],"class_list":{"0":"post-20812","1":"product","2":"type-product","3":"status-publish","5":"product_cat-grappins-en-demi-coquille","7":"first","8":"instock","9":"shipping-taxable","10":"product-type-simple"},"acf":[],"_links":{"self":[{"href":"https:\/\/bm-cat.com\/be\/wp-json\/wp\/v2\/product\/20812","targetHints":{"allow":["GET"]}}],"collection":[{"href":"https:\/\/bm-cat.com\/be\/wp-json\/wp\/v2\/product"}],"about":[{"href":"https:\/\/bm-cat.com\/be\/wp-json\/wp\/v2\/types\/product"}],"replies":[{"embeddable":true,"href":"https:\/\/bm-cat.com\/be\/wp-json\/wp\/v2\/comments?post=20812"}],"wp:attachment":[{"href":"https:\/\/bm-cat.com\/be\/wp-json\/wp\/v2\/media?parent=20812"}],"wp:term":[{"taxonomy":"product_feature","embeddable":true,"href":"https:\/\/bm-cat.com\/be\/wp-json\/wp\/v2\/product_feature?post=20812"},{"taxonomy":"product_cat","embeddable":true,"href":"https:\/\/bm-cat.com\/be\/wp-json\/wp\/v2\/product_cat?post=20812"},{"taxonomy":"product_tag","embeddable":true,"href":"https:\/\/bm-cat.com\/be\/wp-json\/wp\/v2\/product_tag?post=20812"}],"curies":[{"name":"wp","href":"https:\/\/api.w.org\/{rel}","templated":true}]}}