{"id":20936,"date":"2024-01-30T03:26:04","date_gmt":"2024-01-30T03:26:04","guid":{"rendered":"https:\/\/ppr.bm-cat.com\/be\/product\/grappin-a-5-griffes-gsm50-2000-litres\/"},"modified":"2024-03-05T22:10:46","modified_gmt":"2024-03-05T22:10:46","slug":"grappin-a-5-griffes-gsm50-2000-litres","status":"publish","type":"product","link":"https:\/\/bm-cat.com\/be\/produit\/grappin-a-5-griffes-gsm50-2000-litres\/","title":{"rendered":"Grappin \u00e0 5\u00a0griffes\u00a0GSM50 2000\u00a0litres"},"content":{"rendered":"<p>La gamme de grappins \u00e0 griffes GSM Cat<sup>\u00ae<\/sup> inclut des mod\u00e8les et des tailles vari\u00e9s pour un large \u00e9ventail d&rsquo;applications. Avec leur grande capacit\u00e9, les grappins GSM vous permettent de d\u00e9placer plus tout en d\u00e9pensant moins.<\/p>\n","protected":false},"excerpt":{"rendered":"<p>La gamme de grappins \u00e0 griffes GSM Cat\u00ae inclut des mod\u00e8les et des tailles vari\u00e9s pour un large \u00e9ventail d&rsquo;applications. Avec leur grande capacit\u00e9, les grappins GSM vous permettent de d\u00e9placer plus tout en d\u00e9pensant moins.<\/p>\n","protected":false},"featured_media":0,"comment_status":"open","ping_status":"closed","template":"","meta":{"_acf_changed":false,"_sitemap_exclude":false,"_sitemap_priority":"","_sitemap_frequency":""},"product_feature":[],"product_cat":[2196],"product_tag":[],"class_list":{"0":"post-20936","1":"product","2":"type-product","3":"status-publish","5":"product_cat-grappins-a-griffes","7":"first","8":"instock","9":"shipping-taxable","10":"product-type-simple"},"acf":[],"_links":{"self":[{"href":"https:\/\/bm-cat.com\/be\/wp-json\/wp\/v2\/product\/20936","targetHints":{"allow":["GET"]}}],"collection":[{"href":"https:\/\/bm-cat.com\/be\/wp-json\/wp\/v2\/product"}],"about":[{"href":"https:\/\/bm-cat.com\/be\/wp-json\/wp\/v2\/types\/product"}],"replies":[{"embeddable":true,"href":"https:\/\/bm-cat.com\/be\/wp-json\/wp\/v2\/comments?post=20936"}],"wp:attachment":[{"href":"https:\/\/bm-cat.com\/be\/wp-json\/wp\/v2\/media?parent=20936"}],"wp:term":[{"taxonomy":"product_feature","embeddable":true,"href":"https:\/\/bm-cat.com\/be\/wp-json\/wp\/v2\/product_feature?post=20936"},{"taxonomy":"product_cat","embeddable":true,"href":"https:\/\/bm-cat.com\/be\/wp-json\/wp\/v2\/product_cat?post=20936"},{"taxonomy":"product_tag","embeddable":true,"href":"https:\/\/bm-cat.com\/be\/wp-json\/wp\/v2\/product_tag?post=20936"}],"curies":[{"name":"wp","href":"https:\/\/api.w.org\/{rel}","templated":true}]}}