{"id":21004,"date":"2024-01-30T04:22:47","date_gmt":"2024-01-30T04:22:47","guid":{"rendered":"https:\/\/ppr.bm-cat.com\/be\/product\/hm316\/"},"modified":"2024-03-05T22:11:38","modified_gmt":"2024-03-05T22:11:38","slug":"hm316","status":"publish","type":"product","link":"https:\/\/bm-cat.com\/be\/produit\/hm316\/","title":{"rendered":"HM316"},"content":{"rendered":"<p>Les d\u00e9broussailleuses-d\u00e9chiqueteuses Cat\u00ae pour chargeurs compacts rigides, chargeurs tout-terrain et chargeuses \u00e0 cha\u00eenes compactes sont con\u00e7ues pour une coupe haute performance et un d\u00e9chiquetage de la v\u00e9g\u00e9tation et des broussailles en terrain bois\u00e9. La d\u00e9broussailleuse-d\u00e9chiqueteuse hydraulique r\u00e9duit les arbrisseaux, les arbustes et les jeunes arbres en mat\u00e9riau de paillage, ce qui la rend id\u00e9ale pour l&rsquo;entretien \u00e9cologique, notamment pour la cr\u00e9ation de couloirs d&rsquo;urgence. Parmi les autres applications, citons : la bonification des terres, l&rsquo;\u00e9limination du feuillage des sites de construction de b\u00e2timent et la destruction des mat\u00e9riaux \u00e9lagu\u00e9s et des d\u00e9chets organiques pour la production de biomasse.<\/p>\n","protected":false},"excerpt":{"rendered":"<p>Coupe et paillage hautement performants de la v\u00e9g\u00e9tation et des broussailles.<\/p>\n","protected":false},"featured_media":0,"comment_status":"open","ping_status":"closed","template":"","meta":{"_acf_changed":false,"_sitemap_exclude":false,"_sitemap_priority":"","_sitemap_frequency":""},"product_feature":[],"product_cat":[2392],"product_tag":[],"class_list":{"0":"post-21004","1":"product","2":"type-product","3":"status-publish","5":"product_cat-debroussailleuses-dechiqueteuses-debroussailleuses-dechiqueteuses","7":"first","8":"instock","9":"shipping-taxable","10":"product-type-simple"},"acf":[],"_links":{"self":[{"href":"https:\/\/bm-cat.com\/be\/wp-json\/wp\/v2\/product\/21004","targetHints":{"allow":["GET"]}}],"collection":[{"href":"https:\/\/bm-cat.com\/be\/wp-json\/wp\/v2\/product"}],"about":[{"href":"https:\/\/bm-cat.com\/be\/wp-json\/wp\/v2\/types\/product"}],"replies":[{"embeddable":true,"href":"https:\/\/bm-cat.com\/be\/wp-json\/wp\/v2\/comments?post=21004"}],"wp:attachment":[{"href":"https:\/\/bm-cat.com\/be\/wp-json\/wp\/v2\/media?parent=21004"}],"wp:term":[{"taxonomy":"product_feature","embeddable":true,"href":"https:\/\/bm-cat.com\/be\/wp-json\/wp\/v2\/product_feature?post=21004"},{"taxonomy":"product_cat","embeddable":true,"href":"https:\/\/bm-cat.com\/be\/wp-json\/wp\/v2\/product_cat?post=21004"},{"taxonomy":"product_tag","embeddable":true,"href":"https:\/\/bm-cat.com\/be\/wp-json\/wp\/v2\/product_tag?post=21004"}],"curies":[{"name":"wp","href":"https:\/\/api.w.org\/{rel}","templated":true}]}}