{"id":21870,"date":"2024-02-09T02:28:11","date_gmt":"2024-02-09T02:28:11","guid":{"rendered":"https:\/\/ppr.bm-cat.com\/be\/product\/deport-lateral-hydraulique-t315\/"},"modified":"2024-03-05T22:16:22","modified_gmt":"2024-03-05T22:16:22","slug":"deport-lateral-hydraulique-t315","status":"publish","type":"product","link":"https:\/\/bm-cat.com\/be\/produit\/deport-lateral-hydraulique-t315\/","title":{"rendered":"D\u00e9port lat\u00e9ral hydraulique T315"},"content":{"rendered":"<p>Les trancheuses Cat\u00ae sont con\u00e7ues pour l&rsquo;ouverture de tranch\u00e9es droites et \u00e9troites dans le sol avant la pose de lignes \u00e9lectriques ou t\u00e9l\u00e9phoniques, de c\u00e2bles ou de canalisations d&rsquo;eau ou de gaz. Les trancheuses sont id\u00e9ales pour la construction de b\u00e2timents r\u00e9sidentiels, commerciaux, agricoles, ainsi que pour l&rsquo;entretien des pelouses et des terrains de golf.<\/p>\n","protected":false},"excerpt":{"rendered":"<p>Con\u00e7ues pour l&rsquo;ouverture de tranch\u00e9es droites et \u00e9troites dans le sol avant la pose de lignes \u00e9lectriques ou t\u00e9l\u00e9phoniques, de c\u00e2bles, de canalisations d&rsquo;eau ou de gaz.<\/p>\n","protected":false},"featured_media":0,"comment_status":"open","ping_status":"closed","template":"","meta":{"_acf_changed":false,"_sitemap_exclude":false,"_sitemap_priority":"","_sitemap_frequency":""},"product_feature":[],"product_cat":[2400],"product_tag":[],"class_list":{"0":"post-21870","1":"product","2":"type-product","3":"status-publish","5":"product_cat-trancheuses-trancheuses","7":"first","8":"instock","9":"shipping-taxable","10":"product-type-simple"},"acf":[],"_links":{"self":[{"href":"https:\/\/bm-cat.com\/be\/wp-json\/wp\/v2\/product\/21870","targetHints":{"allow":["GET"]}}],"collection":[{"href":"https:\/\/bm-cat.com\/be\/wp-json\/wp\/v2\/product"}],"about":[{"href":"https:\/\/bm-cat.com\/be\/wp-json\/wp\/v2\/types\/product"}],"replies":[{"embeddable":true,"href":"https:\/\/bm-cat.com\/be\/wp-json\/wp\/v2\/comments?post=21870"}],"wp:attachment":[{"href":"https:\/\/bm-cat.com\/be\/wp-json\/wp\/v2\/media?parent=21870"}],"wp:term":[{"taxonomy":"product_feature","embeddable":true,"href":"https:\/\/bm-cat.com\/be\/wp-json\/wp\/v2\/product_feature?post=21870"},{"taxonomy":"product_cat","embeddable":true,"href":"https:\/\/bm-cat.com\/be\/wp-json\/wp\/v2\/product_cat?post=21870"},{"taxonomy":"product_tag","embeddable":true,"href":"https:\/\/bm-cat.com\/be\/wp-json\/wp\/v2\/product_tag?post=21870"}],"curies":[{"name":"wp","href":"https:\/\/api.w.org\/{rel}","templated":true}]}}