{"id":28970,"date":"2026-04-08T01:02:27","date_gmt":"2026-04-08T01:02:27","guid":{"rendered":"https:\/\/bm-cat.com\/be\/product\/315-gc-2\/"},"modified":"2026-04-08T01:04:12","modified_gmt":"2026-04-08T01:04:12","slug":"315-gc-2","status":"publish","type":"product","link":"https:\/\/bm-cat.com\/be\/produit\/315-gc-2\/","title":{"rendered":"315 GC"},"content":{"rendered":"<p>La Pelle hydraulique 315 GC Cat\u00ae convient \u00e0 votre chantier et \u00e0 votre porte-monnaie. Points d&rsquo;entretien simplifi\u00e9s, intervalles d&rsquo;entretien longs et fonctions et composants permettant des \u00e9conomies de carburant pour de faibles co\u00fbts d&rsquo;exploitation. Gr\u00e2ce \u00e0 sa conception de rayon compacte et \u00e0 sa grande cabine ergonomique, la 315 GC vous permet de travailler efficacement et confortablement, le tout \u00e0 un faible co\u00fbt horaire.<\/p>\n","protected":false},"excerpt":{"rendered":"<p>La Pelle hydraulique 315 GC Cat\u00ae convient \u00e0 votre chantier et \u00e0 votre porte-monnaie. Points d&rsquo;entretien simplifi\u00e9s, intervalles d&rsquo;entretien longs et fonctions et composants permettant des \u00e9conomies de carburant pour de faibles co\u00fbts d&rsquo;exploitation. Gr\u00e2ce \u00e0 sa conception de rayon compacte et \u00e0 sa grande cabine ergonomique, la 315 GC vous permet de travailler efficacement et confortablement, le tout \u00e0 un faible co\u00fbt horaire.<\/p>\n","protected":false},"featured_media":0,"comment_status":"open","ping_status":"closed","template":"","meta":{"_acf_changed":false,"_sitemap_exclude":false,"_sitemap_priority":"","_sitemap_frequency":""},"product_feature":[],"product_cat":[1947],"product_tag":[],"class_list":{"0":"post-28970","1":"product","2":"type-product","3":"status-publish","5":"product_cat-petites-pelles-hydrauliques","7":"first","8":"instock","9":"shipping-taxable","10":"product-type-simple"},"acf":[],"_links":{"self":[{"href":"https:\/\/bm-cat.com\/be\/wp-json\/wp\/v2\/product\/28970","targetHints":{"allow":["GET"]}}],"collection":[{"href":"https:\/\/bm-cat.com\/be\/wp-json\/wp\/v2\/product"}],"about":[{"href":"https:\/\/bm-cat.com\/be\/wp-json\/wp\/v2\/types\/product"}],"replies":[{"embeddable":true,"href":"https:\/\/bm-cat.com\/be\/wp-json\/wp\/v2\/comments?post=28970"}],"wp:attachment":[{"href":"https:\/\/bm-cat.com\/be\/wp-json\/wp\/v2\/media?parent=28970"}],"wp:term":[{"taxonomy":"product_feature","embeddable":true,"href":"https:\/\/bm-cat.com\/be\/wp-json\/wp\/v2\/product_feature?post=28970"},{"taxonomy":"product_cat","embeddable":true,"href":"https:\/\/bm-cat.com\/be\/wp-json\/wp\/v2\/product_cat?post=28970"},{"taxonomy":"product_tag","embeddable":true,"href":"https:\/\/bm-cat.com\/be\/wp-json\/wp\/v2\/product_tag?post=28970"}],"curies":[{"name":"wp","href":"https:\/\/api.w.org\/{rel}","templated":true}]}}