{"id":29004,"date":"2026-04-08T02:27:17","date_gmt":"2026-04-08T02:27:17","guid":{"rendered":"https:\/\/bm-cat.com\/be\/product\/mh3026-2\/"},"modified":"2026-04-08T02:30:19","modified_gmt":"2026-04-08T02:30:19","slug":"mh3026-2","status":"publish","type":"product","link":"https:\/\/bm-cat.com\/be\/produit\/mh3026-2\/","title":{"rendered":"MH3026"},"content":{"rendered":"<p>Nous sommes conscients qu&rsquo;en mati\u00e8re d&rsquo;\u00e9quipements de manutention, votre succ\u00e8s est li\u00e9 \u00e0 votre productivit\u00e9 et \u00e0 des co\u00fbts d&rsquo;exploitation r\u00e9duits. La MH3026 Cat\u00ae int\u00e8gre des technologies simples d&rsquo;utilisation, une cabine confortable, ainsi que de multiples options adapt\u00e9es \u00e0 vos activit\u00e9s. Ces caract\u00e9ristiques contribuent \u00e0 cr\u00e9er un produit s\u00fbr et fiable, capable de relever les nombreux d\u00e9fis auxquels vous \u00eates confront\u00e9 chaque jour, lors de vos activit\u00e9s de manutention des mat\u00e9riaux les plus difficiles.<\/p>\n","protected":false},"excerpt":{"rendered":"<p>Nous sommes conscients qu&rsquo;en mati\u00e8re d&rsquo;\u00e9quipements de manutention, votre succ\u00e8s est li\u00e9 \u00e0 votre productivit\u00e9 et \u00e0 des co\u00fbts d&rsquo;exploitation r\u00e9duits. La MH3026 Cat\u00ae int\u00e8gre des technologies simples d&rsquo;utilisation, une cabine confortable, ainsi que de multiples options adapt\u00e9es \u00e0 vos activit\u00e9s. Ces caract\u00e9ristiques contribuent \u00e0 cr\u00e9er un produit s\u00fbr et fiable, capable de relever les nombreux d\u00e9fis auxquels vous \u00eates confront\u00e9 chaque jour, lors de vos activit\u00e9s de manutention des mat\u00e9riaux les plus difficiles.<\/p>\n","protected":false},"featured_media":0,"comment_status":"open","ping_status":"closed","template":"","meta":{"_acf_changed":false,"_sitemap_exclude":false,"_sitemap_priority":"","_sitemap_frequency":""},"product_feature":[],"product_cat":[1965],"product_tag":[],"class_list":{"0":"post-29004","1":"product","2":"type-product","3":"status-publish","5":"product_cat-pelles-pour-manutention-sur-pneus","7":"first","8":"instock","9":"shipping-taxable","10":"product-type-simple"},"acf":[],"_links":{"self":[{"href":"https:\/\/bm-cat.com\/be\/wp-json\/wp\/v2\/product\/29004","targetHints":{"allow":["GET"]}}],"collection":[{"href":"https:\/\/bm-cat.com\/be\/wp-json\/wp\/v2\/product"}],"about":[{"href":"https:\/\/bm-cat.com\/be\/wp-json\/wp\/v2\/types\/product"}],"replies":[{"embeddable":true,"href":"https:\/\/bm-cat.com\/be\/wp-json\/wp\/v2\/comments?post=29004"}],"wp:attachment":[{"href":"https:\/\/bm-cat.com\/be\/wp-json\/wp\/v2\/media?parent=29004"}],"wp:term":[{"taxonomy":"product_feature","embeddable":true,"href":"https:\/\/bm-cat.com\/be\/wp-json\/wp\/v2\/product_feature?post=29004"},{"taxonomy":"product_cat","embeddable":true,"href":"https:\/\/bm-cat.com\/be\/wp-json\/wp\/v2\/product_cat?post=29004"},{"taxonomy":"product_tag","embeddable":true,"href":"https:\/\/bm-cat.com\/be\/wp-json\/wp\/v2\/product_tag?post=29004"}],"curies":[{"name":"wp","href":"https:\/\/api.w.org\/{rel}","templated":true}]}}