{"id":29010,"date":"2026-04-08T02:46:37","date_gmt":"2026-04-08T02:46:37","guid":{"rendered":"https:\/\/bm-cat.com\/be\/product\/mh3050-2\/"},"modified":"2026-04-08T02:49:53","modified_gmt":"2026-04-08T02:49:53","slug":"mh3050-2","status":"publish","type":"product","link":"https:\/\/bm-cat.com\/be\/produit\/mh3050-2\/","title":{"rendered":"MH3050"},"content":{"rendered":"<p>Le MH3050 Cat\u00ae est une pelle pour manutention puissante et fiable, con\u00e7ue pour des performances \u00e9lev\u00e9es. Son large ch\u00e2ssis inf\u00e9rieur et son empreinte de stabilisateur contribuent \u00e0 la stabilit\u00e9, tandis qu&rsquo;un g\u00e9n\u00e9rateur en option permet d&rsquo;accro\u00eetre la polyvalence dans les applications de manutention. Construite avec les composants \u00e9prouv\u00e9s des pelles Cat de nouvelle g\u00e9n\u00e9ration et dot\u00e9e d&rsquo;une cabine de manutention sp\u00e9cialement con\u00e7ue, la MH3050 contribue \u00e0 la productivit\u00e9, au confort de l&rsquo;op\u00e9rateur et \u00e0 la durabilit\u00e9 \u00e0 long terme.<\/p>\n","protected":false},"excerpt":{"rendered":"<p>Le MH3050 Cat\u00ae est une pelle pour manutention puissante et fiable, con\u00e7ue pour des performances \u00e9lev\u00e9es. Son large ch\u00e2ssis inf\u00e9rieur et son empreinte de stabilisateur contribuent \u00e0 la stabilit\u00e9, tandis qu&rsquo;un g\u00e9n\u00e9rateur en option permet d&rsquo;accro\u00eetre la polyvalence dans les applications de manutention. Construite avec les composants \u00e9prouv\u00e9s des pelles Cat de nouvelle g\u00e9n\u00e9ration et dot\u00e9e d&rsquo;une cabine de manutention sp\u00e9cialement con\u00e7ue, la MH3050 contribue \u00e0 la productivit\u00e9, au confort de l&rsquo;op\u00e9rateur et \u00e0 la durabilit\u00e9 \u00e0 long terme.<\/p>\n","protected":false},"featured_media":0,"comment_status":"open","ping_status":"closed","template":"","meta":{"_acf_changed":false,"_sitemap_exclude":false,"_sitemap_priority":"","_sitemap_frequency":""},"product_feature":[],"product_cat":[1965],"product_tag":[],"class_list":{"0":"post-29010","1":"product","2":"type-product","3":"status-publish","5":"product_cat-pelles-pour-manutention-sur-pneus","7":"first","8":"instock","9":"shipping-taxable","10":"product-type-simple"},"acf":[],"_links":{"self":[{"href":"https:\/\/bm-cat.com\/be\/wp-json\/wp\/v2\/product\/29010","targetHints":{"allow":["GET"]}}],"collection":[{"href":"https:\/\/bm-cat.com\/be\/wp-json\/wp\/v2\/product"}],"about":[{"href":"https:\/\/bm-cat.com\/be\/wp-json\/wp\/v2\/types\/product"}],"replies":[{"embeddable":true,"href":"https:\/\/bm-cat.com\/be\/wp-json\/wp\/v2\/comments?post=29010"}],"wp:attachment":[{"href":"https:\/\/bm-cat.com\/be\/wp-json\/wp\/v2\/media?parent=29010"}],"wp:term":[{"taxonomy":"product_feature","embeddable":true,"href":"https:\/\/bm-cat.com\/be\/wp-json\/wp\/v2\/product_feature?post=29010"},{"taxonomy":"product_cat","embeddable":true,"href":"https:\/\/bm-cat.com\/be\/wp-json\/wp\/v2\/product_cat?post=29010"},{"taxonomy":"product_tag","embeddable":true,"href":"https:\/\/bm-cat.com\/be\/wp-json\/wp\/v2\/product_tag?post=29010"}],"curies":[{"name":"wp","href":"https:\/\/api.w.org\/{rel}","templated":true}]}}