{"id":29020,"date":"2026-04-08T03:27:37","date_gmt":"2026-04-08T03:27:37","guid":{"rendered":"https:\/\/bm-cat.com\/be\/product\/250\/"},"modified":"2026-04-08T03:32:00","modified_gmt":"2026-04-08T03:32:00","slug":"250","status":"publish","type":"product","link":"https:\/\/bm-cat.com\/be\/produit\/250\/","title":{"rendered":"250"},"content":{"rendered":"<p>Gr\u00e2ce \u00e0 sa conception \u00e0 levage vertical, le Chargeur compact rigide 250 Cat\u00ae offre une port\u00e9e et une hauteur de levage \u00e9tendues pour un chargement rapide et facile des tombereaux. Ses performances en termes de stabilit\u00e9 et de levage garantissent une excellente manutention des mat\u00e9riaux.<\/p>\n","protected":false},"excerpt":{"rendered":"<p>Gr\u00e2ce \u00e0 sa conception \u00e0 levage vertical, le Chargeur compact rigide 250 Cat\u00ae offre une port\u00e9e et une hauteur de levage \u00e9tendues pour un chargement rapide et facile des tombereaux. Ses performances en termes de stabilit\u00e9 et de levage garantissent une excellente manutention des mat\u00e9riaux.<\/p>\n","protected":false},"featured_media":0,"comment_status":"open","ping_status":"closed","template":"","meta":{"_acf_changed":false,"_sitemap_exclude":false,"_sitemap_priority":"","_sitemap_frequency":""},"product_feature":[],"product_cat":[1985],"product_tag":[],"class_list":{"0":"post-29020","1":"product","2":"type-product","3":"status-publish","5":"product_cat-chargeurs-compacts-rigides","7":"first","8":"instock","9":"shipping-taxable","10":"product-type-simple"},"acf":[],"_links":{"self":[{"href":"https:\/\/bm-cat.com\/be\/wp-json\/wp\/v2\/product\/29020","targetHints":{"allow":["GET"]}}],"collection":[{"href":"https:\/\/bm-cat.com\/be\/wp-json\/wp\/v2\/product"}],"about":[{"href":"https:\/\/bm-cat.com\/be\/wp-json\/wp\/v2\/types\/product"}],"replies":[{"embeddable":true,"href":"https:\/\/bm-cat.com\/be\/wp-json\/wp\/v2\/comments?post=29020"}],"wp:attachment":[{"href":"https:\/\/bm-cat.com\/be\/wp-json\/wp\/v2\/media?parent=29020"}],"wp:term":[{"taxonomy":"product_feature","embeddable":true,"href":"https:\/\/bm-cat.com\/be\/wp-json\/wp\/v2\/product_feature?post=29020"},{"taxonomy":"product_cat","embeddable":true,"href":"https:\/\/bm-cat.com\/be\/wp-json\/wp\/v2\/product_cat?post=29020"},{"taxonomy":"product_tag","embeddable":true,"href":"https:\/\/bm-cat.com\/be\/wp-json\/wp\/v2\/product_tag?post=29020"}],"curies":[{"name":"wp","href":"https:\/\/api.w.org\/{rel}","templated":true}]}}