{"id":14551,"date":"2023-12-04T11:57:09","date_gmt":"2023-12-04T11:57:09","guid":{"rendered":"https:\/\/ppr.bm-cat.com\/dz\/product\/432\/"},"modified":"2024-03-05T22:37:51","modified_gmt":"2024-03-05T22:37:51","slug":"432","status":"publish","type":"product","link":"https:\/\/bm-cat.com\/dz\/produit\/432\/","title":{"rendered":"432"},"content":{"rendered":"","protected":false},"excerpt":{"rendered":"<p>La chargeuse-pelleteuse 432 Cat\u00ae est \u00e9quip\u00e9e d&rsquo;un moteur fiable. Elle offre un confort et un contr\u00f4le de conduite am\u00e9lior\u00e9s, une transmission Powershift. Elle est \u00e9galement dot\u00e9e d&rsquo;une fl\u00e8che de type pelle hydraulique, d&rsquo;un circuit hydraulique puissant et efficace, de trois modes de gestion de la puissance et de Product Link\u2122.<\/p>\n","protected":false},"featured_media":0,"comment_status":"open","ping_status":"closed","template":"","meta":{"_acf_changed":false,"_sitemap_exclude":false,"_sitemap_priority":"","_sitemap_frequency":""},"product_feature":[],"product_cat":[530],"product_tag":[],"class_list":{"0":"post-14551","1":"product","2":"type-product","3":"status-publish","5":"product_cat-chargeuses-pelleteuses-a-deplacement-lateral","7":"first","8":"instock","9":"shipping-taxable","10":"product-type-simple"},"acf":[],"_links":{"self":[{"href":"https:\/\/bm-cat.com\/dz\/wp-json\/wp\/v2\/product\/14551","targetHints":{"allow":["GET"]}}],"collection":[{"href":"https:\/\/bm-cat.com\/dz\/wp-json\/wp\/v2\/product"}],"about":[{"href":"https:\/\/bm-cat.com\/dz\/wp-json\/wp\/v2\/types\/product"}],"replies":[{"embeddable":true,"href":"https:\/\/bm-cat.com\/dz\/wp-json\/wp\/v2\/comments?post=14551"}],"wp:attachment":[{"href":"https:\/\/bm-cat.com\/dz\/wp-json\/wp\/v2\/media?parent=14551"}],"wp:term":[{"taxonomy":"product_feature","embeddable":true,"href":"https:\/\/bm-cat.com\/dz\/wp-json\/wp\/v2\/product_feature?post=14551"},{"taxonomy":"product_cat","embeddable":true,"href":"https:\/\/bm-cat.com\/dz\/wp-json\/wp\/v2\/product_cat?post=14551"},{"taxonomy":"product_tag","embeddable":true,"href":"https:\/\/bm-cat.com\/dz\/wp-json\/wp\/v2\/product_tag?post=14551"}],"curies":[{"name":"wp","href":"https:\/\/api.w.org\/{rel}","templated":true}]}}