{"id":14579,"date":"2023-12-04T12:21:47","date_gmt":"2023-12-04T12:21:47","guid":{"rendered":"https:\/\/ppr.bm-cat.com\/dz\/product\/836k\/"},"modified":"2024-03-05T22:38:13","modified_gmt":"2024-03-05T22:38:13","slug":"836k","status":"publish","type":"product","link":"https:\/\/bm-cat.com\/dz\/produit\/836k\/","title":{"rendered":"836K"},"content":{"rendered":"<p>Les compacteurs pour d\u00e9charges sanitaires Cat sont con\u00e7us pour offrir une longue dur\u00e9e de vie et garantir une disponibilit\u00e9 optimale, sur plusieurs cycles de vie. Gr\u00e2ce \u00e0 leurs performances optimis\u00e9es et leur entretien simplifi\u00e9, nos machines vous permettent de man\u0153uvrer de mani\u00e8re plus s\u00fbre et plus efficace. Mise sur le march\u00e9 en 1993, la s\u00e9rie&nbsp;836 est la r\u00e9f\u00e9rence du secteur depuis plus de 20&nbsp;ans. Motiv\u00e9s par la satisfaction et la r\u00e9ussite de nos clients, nous cherchons sans cesse \u00e0 am\u00e9liorer chaque nouvelle s\u00e9rie. Le Compacteur&nbsp;836K continue de r\u00e9pondre \u00e0 nos crit\u00e8res de fiabilit\u00e9, de performances, de s\u00e9curit\u00e9, de confort du conducteur, de facilit\u00e9 d&rsquo;entretien et d&rsquo;efficacit\u00e9.<\/p>\n","protected":false},"excerpt":{"rendered":"<p>Avec 535&nbsp;HP et un poids en ordre de marche de 123&nbsp;000&nbsp;lb, le compacteur \u00e0 d\u00e9chets&nbsp;836K offre ce qui se fait de mieux dans sa cat\u00e9gorie en mati\u00e8re de fiabilit\u00e9, de s\u00e9curit\u00e9, de confort de l&rsquo;utilisateur, de facilit\u00e9 d&rsquo;entretien et d&rsquo;efficacit\u00e9. Issu d&rsquo;une gamme de machines dot\u00e9e d&rsquo;une exp\u00e9rience de plus de 20&nbsp;ans dans le domaine des d\u00e9charges sanitaires, le 836K est \u00e9quip\u00e9 de technologies \u00e9prouv\u00e9es sur le terrain qui garantissent des performances optimales.<\/p>\n","protected":false},"featured_media":0,"comment_status":"open","ping_status":"closed","template":"","meta":{"_acf_changed":false,"_sitemap_exclude":false,"_sitemap_priority":"","_sitemap_frequency":""},"product_feature":[],"product_cat":[538],"product_tag":[],"class_list":{"0":"post-14579","1":"product","2":"type-product","3":"status-publish","5":"product_cat-compacteurs-a-dechets","7":"first","8":"instock","9":"shipping-taxable","10":"product-type-simple"},"acf":[],"_links":{"self":[{"href":"https:\/\/bm-cat.com\/dz\/wp-json\/wp\/v2\/product\/14579","targetHints":{"allow":["GET"]}}],"collection":[{"href":"https:\/\/bm-cat.com\/dz\/wp-json\/wp\/v2\/product"}],"about":[{"href":"https:\/\/bm-cat.com\/dz\/wp-json\/wp\/v2\/types\/product"}],"replies":[{"embeddable":true,"href":"https:\/\/bm-cat.com\/dz\/wp-json\/wp\/v2\/comments?post=14579"}],"wp:attachment":[{"href":"https:\/\/bm-cat.com\/dz\/wp-json\/wp\/v2\/media?parent=14579"}],"wp:term":[{"taxonomy":"product_feature","embeddable":true,"href":"https:\/\/bm-cat.com\/dz\/wp-json\/wp\/v2\/product_feature?post=14579"},{"taxonomy":"product_cat","embeddable":true,"href":"https:\/\/bm-cat.com\/dz\/wp-json\/wp\/v2\/product_cat?post=14579"},{"taxonomy":"product_tag","embeddable":true,"href":"https:\/\/bm-cat.com\/dz\/wp-json\/wp\/v2\/product_tag?post=14579"}],"curies":[{"name":"wp","href":"https:\/\/api.w.org\/{rel}","templated":true}]}}