{"id":14595,"date":"2023-12-04T12:39:49","date_gmt":"2023-12-04T12:39:49","guid":{"rendered":"https:\/\/ppr.bm-cat.com\/dz\/product\/cb34b\/"},"modified":"2024-03-05T22:38:25","modified_gmt":"2024-03-05T22:38:25","slug":"cb34b","status":"publish","type":"product","link":"https:\/\/bm-cat.com\/dz\/produit\/cb34b\/","title":{"rendered":"CB34B"},"content":{"rendered":"<p>Le CB34B est une machine polyvalente pouvant \u00eatre utilis\u00e9e pour les travaux de petite taille ou, dans le cas de travaux plus importants, comme rouleau d&rsquo;appoint de compacteurs \u00e0 fort rendement. Le CB34B offre des capacit\u00e9s de production sup\u00e9rieures gr\u00e2ce \u00e0 ses tambours de 1 300 mm (51 in) de large. L&rsquo;amplitude \u00e9lev\u00e9e et la largeur des cylindres, qui lui permettent d&rsquo;atteindre un taux de production de plusieurs tonnes par jour, en font la machine id\u00e9ale pour les bas-c\u00f4t\u00e9s, les petites aires de stationnement, la construction de nouvelles voies et autres chantiers de m\u00eame envergure.<\/p>\n","protected":false},"excerpt":{"rendered":"<p>Le CB34B est une machine polyvalente pouvant \u00eatre utilis\u00e9e pour les travaux de petite taille ou, dans le cas de travaux plus importants, comme rouleau d&rsquo;appoint de compacteurs \u00e0 fort rendement. Le CB34B offre des capacit\u00e9s de production sup\u00e9rieures gr\u00e2ce \u00e0 ses tambours de 1 300 mm (51 \u00ab\u00a0) de large. L&rsquo;amplitude \u00e9lev\u00e9e et la largeur des cylindres, qui lui permettent d&rsquo;atteindre un taux de production de plusieurs tonnes par jour, en font la machine id\u00e9ale pour les bas-c\u00f4t\u00e9s, les petites aires de stationnement, la construction de nouvelles voies et autres chantiers de m\u00eame envergure.<\/p>\n","protected":false},"featured_media":0,"comment_status":"open","ping_status":"closed","template":"","meta":{"_acf_changed":false,"_sitemap_exclude":false,"_sitemap_priority":"","_sitemap_frequency":""},"product_feature":[],"product_cat":[544],"product_tag":[],"class_list":{"0":"post-14595","1":"product","2":"type-product","3":"status-publish","5":"product_cat-compacteurs-tandem-vibrants","7":"first","8":"instock","9":"shipping-taxable","10":"product-type-simple"},"acf":[],"_links":{"self":[{"href":"https:\/\/bm-cat.com\/dz\/wp-json\/wp\/v2\/product\/14595","targetHints":{"allow":["GET"]}}],"collection":[{"href":"https:\/\/bm-cat.com\/dz\/wp-json\/wp\/v2\/product"}],"about":[{"href":"https:\/\/bm-cat.com\/dz\/wp-json\/wp\/v2\/types\/product"}],"replies":[{"embeddable":true,"href":"https:\/\/bm-cat.com\/dz\/wp-json\/wp\/v2\/comments?post=14595"}],"wp:attachment":[{"href":"https:\/\/bm-cat.com\/dz\/wp-json\/wp\/v2\/media?parent=14595"}],"wp:term":[{"taxonomy":"product_feature","embeddable":true,"href":"https:\/\/bm-cat.com\/dz\/wp-json\/wp\/v2\/product_feature?post=14595"},{"taxonomy":"product_cat","embeddable":true,"href":"https:\/\/bm-cat.com\/dz\/wp-json\/wp\/v2\/product_cat?post=14595"},{"taxonomy":"product_tag","embeddable":true,"href":"https:\/\/bm-cat.com\/dz\/wp-json\/wp\/v2\/product_tag?post=14595"}],"curies":[{"name":"wp","href":"https:\/\/api.w.org\/{rel}","templated":true}]}}