{"id":14673,"date":"2023-12-04T15:11:49","date_gmt":"2023-12-04T15:11:49","guid":{"rendered":"https:\/\/ppr.bm-cat.com\/dz\/product\/7495hd\/"},"modified":"2024-03-05T22:39:21","modified_gmt":"2024-03-05T22:39:21","slug":"7495hd","status":"publish","type":"product","link":"https:\/\/bm-cat.com\/dz\/produit\/7495hd\/","title":{"rendered":"7495HD"},"content":{"rendered":"<p>Les pelles \u00e9lectriques \u00e0 c\u00e2bles Cat\u00ae combinent une charge utile et un faible entretien, ainsi qu&rsquo;une fiabilit\u00e9 sup\u00e9rieure, pour offrir la solution de chargement au co\u00fbt par tonne le plus bas pour l&rsquo;exploitation mini\u00e8re de longue dur\u00e9e. La 7495 HD Cat est une version plus petite et plus robuste de la 7495. Comme la 7495, elle est \u00e9quip\u00e9e d&rsquo;un circuit \u00e9lectrique IGBT CA pour une plus grande disponibilit\u00e9, des co\u00fbts d&rsquo;exploitation r\u00e9duits et des temps de cycle plus rapides. La 7495 HD est plus propre et plus efficace que les machines \u00e0 moteur diesel. De plus, sa technologie de freinage par r\u00e9g\u00e9n\u00e9ration renvoie de l&rsquo;\u00e9nergie \u00e9lectrique au r\u00e9seau.<\/p>\n","protected":false},"excerpt":{"rendered":"<p>Les pelles \u00e9lectriques \u00e0 c\u00e2bles Cat\u00ae combinent une charge utile et un faible entretien, ainsi qu&rsquo;une fiabilit\u00e9 sup\u00e9rieure, pour offrir la solution de chargement au co\u00fbt par tonne le plus bas pour l&rsquo;exploitation mini\u00e8re de longue dur\u00e9e. La 7495 HD Cat est une version plus petite et plus robuste de la 7495. Comme la 7495, elle est \u00e9quip\u00e9e d&rsquo;un circuit \u00e9lectrique IGBT CA pour une plus grande disponibilit\u00e9, des co\u00fbts d&rsquo;exploitation r\u00e9duits et des temps de cycle plus rapides. La 7495 HD est plus propre et plus efficace que les machines \u00e0 moteur diesel. De plus, sa technologie de freinage par r\u00e9g\u00e9n\u00e9ration renvoie de l&rsquo;\u00e9nergie \u00e9lectrique au r\u00e9seau.<\/p>\n","protected":false},"featured_media":0,"comment_status":"open","ping_status":"closed","template":"","meta":{"_acf_changed":false,"_sitemap_exclude":false,"_sitemap_priority":"","_sitemap_frequency":""},"product_feature":[],"product_cat":[1005],"product_tag":[],"class_list":{"0":"post-14673","1":"product","2":"type-product","3":"status-publish","5":"product_cat-pelles-electriques-a-cables-pelles-electriques-a-cables","7":"first","8":"instock","9":"shipping-taxable","10":"product-type-simple"},"acf":[],"_links":{"self":[{"href":"https:\/\/bm-cat.com\/dz\/wp-json\/wp\/v2\/product\/14673","targetHints":{"allow":["GET"]}}],"collection":[{"href":"https:\/\/bm-cat.com\/dz\/wp-json\/wp\/v2\/product"}],"about":[{"href":"https:\/\/bm-cat.com\/dz\/wp-json\/wp\/v2\/types\/product"}],"replies":[{"embeddable":true,"href":"https:\/\/bm-cat.com\/dz\/wp-json\/wp\/v2\/comments?post=14673"}],"wp:attachment":[{"href":"https:\/\/bm-cat.com\/dz\/wp-json\/wp\/v2\/media?parent=14673"}],"wp:term":[{"taxonomy":"product_feature","embeddable":true,"href":"https:\/\/bm-cat.com\/dz\/wp-json\/wp\/v2\/product_feature?post=14673"},{"taxonomy":"product_cat","embeddable":true,"href":"https:\/\/bm-cat.com\/dz\/wp-json\/wp\/v2\/product_cat?post=14673"},{"taxonomy":"product_tag","embeddable":true,"href":"https:\/\/bm-cat.com\/dz\/wp-json\/wp\/v2\/product_tag?post=14673"}],"curies":[{"name":"wp","href":"https:\/\/api.w.org\/{rel}","templated":true}]}}