{"id":14679,"date":"2023-12-04T15:22:18","date_gmt":"2023-12-04T15:22:18","guid":{"rendered":"https:\/\/ppr.bm-cat.com\/dz\/product\/300-9d\/"},"modified":"2024-03-05T22:39:26","modified_gmt":"2024-03-05T22:39:26","slug":"300-9d","status":"publish","type":"product","link":"https:\/\/bm-cat.com\/dz\/produit\/300-9d\/","title":{"rendered":"300.9D"},"content":{"rendered":"<p>Caterpillar a le plaisir d&rsquo;annoncer le lancement de la Minipelle hydraulique 300.9D de moins de 3 tonnes. Le mod\u00e8le 300.9D vient compl\u00e9ter la gamme des minipelles hydrauliques Cat\u00ae. En particulier, la nouvelle 300.9D de moins d&rsquo;une tonne offre aux clients un mat\u00e9riel de manutention \u00e0 moindre co\u00fbt.<\/p>\n","protected":false},"excerpt":{"rendered":"<p>La Minipelle hydraulique 300.9D Cat de taille compacte fournit une puissance et des performances maximales pour vous permettre de travailler dans une large gamme d&rsquo;applications. Sa capacit\u00e9 d&rsquo;entr\u00e9e par des passages de porte \u00e9troits en fait une excellente machine pour les travaux de d\u00e9molition int\u00e9rieurs.<\/p>\n","protected":false},"featured_media":0,"comment_status":"open","ping_status":"closed","template":"","meta":{"_acf_changed":false,"_sitemap_exclude":false,"_sitemap_priority":"","_sitemap_frequency":""},"product_feature":[],"product_cat":[564],"product_tag":[],"class_list":{"0":"post-14679","1":"product","2":"type-product","3":"status-publish","5":"product_cat-minipelles","7":"first","8":"instock","9":"shipping-taxable","10":"product-type-simple"},"acf":[],"_links":{"self":[{"href":"https:\/\/bm-cat.com\/dz\/wp-json\/wp\/v2\/product\/14679","targetHints":{"allow":["GET"]}}],"collection":[{"href":"https:\/\/bm-cat.com\/dz\/wp-json\/wp\/v2\/product"}],"about":[{"href":"https:\/\/bm-cat.com\/dz\/wp-json\/wp\/v2\/types\/product"}],"replies":[{"embeddable":true,"href":"https:\/\/bm-cat.com\/dz\/wp-json\/wp\/v2\/comments?post=14679"}],"wp:attachment":[{"href":"https:\/\/bm-cat.com\/dz\/wp-json\/wp\/v2\/media?parent=14679"}],"wp:term":[{"taxonomy":"product_feature","embeddable":true,"href":"https:\/\/bm-cat.com\/dz\/wp-json\/wp\/v2\/product_feature?post=14679"},{"taxonomy":"product_cat","embeddable":true,"href":"https:\/\/bm-cat.com\/dz\/wp-json\/wp\/v2\/product_cat?post=14679"},{"taxonomy":"product_tag","embeddable":true,"href":"https:\/\/bm-cat.com\/dz\/wp-json\/wp\/v2\/product_tag?post=14679"}],"curies":[{"name":"wp","href":"https:\/\/api.w.org\/{rel}","templated":true}]}}