{"id":14708,"date":"2023-12-04T16:22:18","date_gmt":"2023-12-04T16:22:18","guid":{"rendered":"https:\/\/ppr.bm-cat.com\/dz\/product\/318d2-l-2017\/"},"modified":"2024-03-05T22:39:52","modified_gmt":"2024-03-05T22:39:52","slug":"318d2-l-2017","status":"publish","type":"product","link":"https:\/\/bm-cat.com\/dz\/produit\/318d2-l-2017\/","title":{"rendered":"318D2 L (2017)"},"content":{"rendered":"<p>Sa polyvalence sans \u00e9gale, sa pr\u00e9cision des commandes sup\u00e9rieure, sa grande facilit\u00e9 d&rsquo;utilisation et son poste de conduite confortable et enti\u00e8rement repens\u00e9 positionnent le mod\u00e8le 318D L s\u00e9rie 2 en tant que leader du march\u00e9.<\/p>\n","protected":false},"excerpt":{"rendered":"<p>Le circuit hydraulique de pointe garantit des performances maximales de la 318 D2 L Cat\u00ae. Gr\u00e2ce \u00e0 la nouvelle cabine silencieuse et confortable, le conducteur b\u00e9n\u00e9ficiera d&rsquo;un confort optimal pendant les longues journ\u00e9es de travail. La grande facilit\u00e9 d&rsquo;entretien et la longue dur\u00e9e de vie l\u00e9gendaire compl\u00e8tent l&rsquo;ensemble et \u00e9tablissent ce mod\u00e8le comme leader de tout le secteur.<\/p>\n","protected":false},"featured_media":0,"comment_status":"open","ping_status":"closed","template":"","meta":{"_acf_changed":false,"_sitemap_exclude":false,"_sitemap_priority":"","_sitemap_frequency":""},"product_feature":[],"product_cat":[566],"product_tag":[],"class_list":{"0":"post-14708","1":"product","2":"type-product","3":"status-publish","5":"product_cat-petites-pelles-hydrauliques","7":"first","8":"instock","9":"shipping-taxable","10":"product-type-simple"},"acf":[],"_links":{"self":[{"href":"https:\/\/bm-cat.com\/dz\/wp-json\/wp\/v2\/product\/14708","targetHints":{"allow":["GET"]}}],"collection":[{"href":"https:\/\/bm-cat.com\/dz\/wp-json\/wp\/v2\/product"}],"about":[{"href":"https:\/\/bm-cat.com\/dz\/wp-json\/wp\/v2\/types\/product"}],"replies":[{"embeddable":true,"href":"https:\/\/bm-cat.com\/dz\/wp-json\/wp\/v2\/comments?post=14708"}],"wp:attachment":[{"href":"https:\/\/bm-cat.com\/dz\/wp-json\/wp\/v2\/media?parent=14708"}],"wp:term":[{"taxonomy":"product_feature","embeddable":true,"href":"https:\/\/bm-cat.com\/dz\/wp-json\/wp\/v2\/product_feature?post=14708"},{"taxonomy":"product_cat","embeddable":true,"href":"https:\/\/bm-cat.com\/dz\/wp-json\/wp\/v2\/product_cat?post=14708"},{"taxonomy":"product_tag","embeddable":true,"href":"https:\/\/bm-cat.com\/dz\/wp-json\/wp\/v2\/product_tag?post=14708"}],"curies":[{"name":"wp","href":"https:\/\/api.w.org\/{rel}","templated":true}]}}