{"id":14724,"date":"2023-12-04T16:38:40","date_gmt":"2023-12-04T16:38:40","guid":{"rendered":"https:\/\/ppr.bm-cat.com\/dz\/product\/336-gc\/"},"modified":"2024-03-05T22:40:06","modified_gmt":"2024-03-05T22:40:06","slug":"336-gc","status":"publish","type":"product","link":"https:\/\/bm-cat.com\/dz\/produit\/336-gc\/","title":{"rendered":"336 GC"},"content":{"rendered":"<p>La pelle hydraulique 336 GC Cat\u00ae \u00e9quilibre la productivit\u00e9 gr\u00e2ce \u00e0 des commandes faciles \u00e0 utiliser, une nouvelle cabine confortable, une am\u00e9lioration du rendement \u00e9nerg\u00e9tique pouvant atteindre 5 % et des intervalles d&rsquo;entretien plus espac\u00e9s qui r\u00e9duisent les co\u00fbts d&rsquo;entretien jusqu&rsquo;\u00e0 15 %, tout cela pour vous offrir une pelle hydraulique durable et \u00e0 faibles co\u00fbts horaires adapt\u00e9e \u00e0 votre utilisation.<\/p>\n<p>Les fonctionnalit\u00e9s disponibles varient selon les r\u00e9gions. Contactez votre concessionnaire Cat pour conna\u00eetre les configurations sp\u00e9cifiques disponibles dans votre r\u00e9gion.<\/p>\n","protected":false},"excerpt":{"rendered":"<p>Le mod\u00e8le 336\u00a0GC Cat\u00ae offre un confort d&rsquo;utilisation exceptionnel, tout en pr\u00e9sentant une consommation de carburant moindre et des co\u00fbts d&rsquo;entretien r\u00e9duits pour optimiser votre productivit\u00e9 et garantir le co\u00fbt horaire le plus bas.<\/p>\n","protected":false},"featured_media":0,"comment_status":"open","ping_status":"closed","template":"","meta":{"_acf_changed":false,"_sitemap_exclude":false,"_sitemap_priority":"","_sitemap_frequency":""},"product_feature":[],"product_cat":[570],"product_tag":[],"class_list":{"0":"post-14724","1":"product","2":"type-product","3":"status-publish","5":"product_cat-grosses-pelles-hydrauliques","7":"first","8":"instock","9":"shipping-taxable","10":"product-type-simple"},"acf":[],"_links":{"self":[{"href":"https:\/\/bm-cat.com\/dz\/wp-json\/wp\/v2\/product\/14724","targetHints":{"allow":["GET"]}}],"collection":[{"href":"https:\/\/bm-cat.com\/dz\/wp-json\/wp\/v2\/product"}],"about":[{"href":"https:\/\/bm-cat.com\/dz\/wp-json\/wp\/v2\/types\/product"}],"replies":[{"embeddable":true,"href":"https:\/\/bm-cat.com\/dz\/wp-json\/wp\/v2\/comments?post=14724"}],"wp:attachment":[{"href":"https:\/\/bm-cat.com\/dz\/wp-json\/wp\/v2\/media?parent=14724"}],"wp:term":[{"taxonomy":"product_feature","embeddable":true,"href":"https:\/\/bm-cat.com\/dz\/wp-json\/wp\/v2\/product_feature?post=14724"},{"taxonomy":"product_cat","embeddable":true,"href":"https:\/\/bm-cat.com\/dz\/wp-json\/wp\/v2\/product_cat?post=14724"},{"taxonomy":"product_tag","embeddable":true,"href":"https:\/\/bm-cat.com\/dz\/wp-json\/wp\/v2\/product_tag?post=14724"}],"curies":[{"name":"wp","href":"https:\/\/api.w.org\/{rel}","templated":true}]}}