{"id":14726,"date":"2023-12-04T16:40:47","date_gmt":"2023-12-04T16:40:47","guid":{"rendered":"https:\/\/ppr.bm-cat.com\/dz\/product\/345-gc\/"},"modified":"2024-03-05T22:40:07","modified_gmt":"2024-03-05T22:40:07","slug":"345-gc","status":"publish","type":"product","link":"https:\/\/bm-cat.com\/dz\/produit\/345-gc\/","title":{"rendered":"345 GC"},"content":{"rendered":"<p>La 345 GC Cat est une pelle hydraulique fiable et peu co\u00fbteuse \u00e0 l&rsquo;heure. Elle consomme jusqu&rsquo;\u00e0 25 % d&rsquo;\u00e9nergie en moins et co\u00fbte jusqu&rsquo;\u00e0 30 % moins en co\u00fbt d&rsquo;entretien que son mod\u00e8le comparatif*. Ajoutez \u00e0 cela une cabine ROPS silencieuse et confortable, des commandes faciles \u00e0 utiliser et plusieurs options d&rsquo;accessoires Cat et vous disposez d&rsquo;une machine de haute qualit\u00e9 capable de r\u00e9pondre \u00e0 vos diverses exigences professionnelles.<\/p>\n<p><em>*Par rapport au mod\u00e8le 349D2 Tier 3<\/em><\/p>\n<p><em>Les fonctionnalit\u00e9s disponibles varient selon les r\u00e9gions. Contactez votre concessionnaire Cat pour conna\u00eetre les configurations sp\u00e9cifiques disponibles dans votre r\u00e9gion.<\/em><\/p>\n","protected":false},"excerpt":{"rendered":"<p>Le mod\u00e8le 345 GC se d\u00e9marque par son rendement \u00e9nerg\u00e9tique et sa facilit\u00e9 d&rsquo;entretien. Ajoutez \u00e0 cela une cabine ROPS silencieuse et confortable, des commandes faciles \u00e0 utiliser et diverses options d&rsquo;accessoires Cat, et vous disposez d&rsquo;une pelle hydraulique robuste capable d&rsquo;effectuer de nombreux types de travaux.<\/p>\n","protected":false},"featured_media":0,"comment_status":"open","ping_status":"closed","template":"","meta":{"_acf_changed":false,"_sitemap_exclude":false,"_sitemap_priority":"","_sitemap_frequency":""},"product_feature":[],"product_cat":[570],"product_tag":[],"class_list":{"0":"post-14726","1":"product","2":"type-product","3":"status-publish","5":"product_cat-grosses-pelles-hydrauliques","7":"first","8":"instock","9":"shipping-taxable","10":"product-type-simple"},"acf":[],"_links":{"self":[{"href":"https:\/\/bm-cat.com\/dz\/wp-json\/wp\/v2\/product\/14726","targetHints":{"allow":["GET"]}}],"collection":[{"href":"https:\/\/bm-cat.com\/dz\/wp-json\/wp\/v2\/product"}],"about":[{"href":"https:\/\/bm-cat.com\/dz\/wp-json\/wp\/v2\/types\/product"}],"replies":[{"embeddable":true,"href":"https:\/\/bm-cat.com\/dz\/wp-json\/wp\/v2\/comments?post=14726"}],"wp:attachment":[{"href":"https:\/\/bm-cat.com\/dz\/wp-json\/wp\/v2\/media?parent=14726"}],"wp:term":[{"taxonomy":"product_feature","embeddable":true,"href":"https:\/\/bm-cat.com\/dz\/wp-json\/wp\/v2\/product_feature?post=14726"},{"taxonomy":"product_cat","embeddable":true,"href":"https:\/\/bm-cat.com\/dz\/wp-json\/wp\/v2\/product_cat?post=14726"},{"taxonomy":"product_tag","embeddable":true,"href":"https:\/\/bm-cat.com\/dz\/wp-json\/wp\/v2\/product_tag?post=14726"}],"curies":[{"name":"wp","href":"https:\/\/api.w.org\/{rel}","templated":true}]}}