{"id":14754,"date":"2023-12-04T17:29:32","date_gmt":"2023-12-04T17:29:32","guid":{"rendered":"https:\/\/ppr.bm-cat.com\/dz\/product\/16\/"},"modified":"2024-03-05T22:40:34","modified_gmt":"2024-03-05T22:40:34","slug":"16","status":"publish","type":"product","link":"https:\/\/bm-cat.com\/dz\/produit\/16\/","title":{"rendered":"16"},"content":{"rendered":"<p>La niveleuse 16 aura un impact direct sur les co\u00fbts et la productivit\u00e9 des sites miniers. La piste peut constituer le meilleur atout comme le pire handicap de la mine. Lorsque les pistes sont maintenues en excellent \u00e9tat, la dur\u00e9e de vie des camions est plus longue et ils sont plus rapides. Des routes en bon \u00e9tat sont essentielles au prolongement de la dur\u00e9e de vie des tombereaux, et permettent de limiter l&rsquo;entretien, de r\u00e9duire les frais de carburant et l&rsquo;usure des pneus. Par cons\u00e9quent, les dur\u00e9es de cycle sont am\u00e9lior\u00e9es et davantage de minerai est produit tout en r\u00e9duisant les co\u00fbts. Le mod\u00e8le&nbsp;16 est id\u00e9al pour&nbsp;:<\/p>\n<ul>\n<li>Les op\u00e9rations mini\u00e8res de petite \u00e0 moyenne envergure (tombereau jusqu&rsquo;\u00e0 150&nbsp;tonnes).<\/li>\n<li>Vient compl\u00e9ter les flottes de niveleuse de dimensions&nbsp;24M dans les grandes op\u00e9rations mini\u00e8res o\u00f9 une polyvalence suppl\u00e9mentaire est requise pour les travaux de construction et de nettoyage de foss\u00e9s et de talus, d&rsquo;entretien de routes \u00e9troites secondaires ou de talutage\/travail sur pente.<\/li>\n<\/ul>\n<p>Le mod\u00e8le 16 inclut des fonctionnalit\u00e9s qui permettent de r\u00e9aliser de grandes \u00e9conomies sur les co\u00fbts d&rsquo;exploitation et d&rsquo;am\u00e9liorer le temps productif, les performances et la s\u00e9curit\u00e9.<\/p>\n","protected":false},"excerpt":{"rendered":"<p>Sp\u00e9cialement configur\u00e9 pour les op\u00e9rations mini\u00e8res et pour le d\u00e9veloppement et l&rsquo;entretien de pistes de transport, le mod\u00e8le&nbsp;Cat\u00ae 16 (16M3) optimise la disponibilit\u00e9 et contr\u00f4le les co\u00fbts d&rsquo;exploitation. Des technologies \u00e9conomiques en carburant, ainsi que la conception et la fabrication robustes l\u00e9gendaires de Cat vous garantissent que ces machines vous aideront \u00e0 optimiser les profits.<\/p>\n","protected":false},"featured_media":0,"comment_status":"open","ping_status":"closed","template":"","meta":{"_acf_changed":false,"_sitemap_exclude":false,"_sitemap_priority":"","_sitemap_frequency":""},"product_feature":[],"product_cat":[1009],"product_tag":[],"class_list":{"0":"post-14754","1":"product","2":"type-product","3":"status-publish","5":"product_cat-niveleuses-niveleuses","7":"first","8":"instock","9":"shipping-taxable","10":"product-type-simple"},"acf":[],"_links":{"self":[{"href":"https:\/\/bm-cat.com\/dz\/wp-json\/wp\/v2\/product\/14754","targetHints":{"allow":["GET"]}}],"collection":[{"href":"https:\/\/bm-cat.com\/dz\/wp-json\/wp\/v2\/product"}],"about":[{"href":"https:\/\/bm-cat.com\/dz\/wp-json\/wp\/v2\/types\/product"}],"replies":[{"embeddable":true,"href":"https:\/\/bm-cat.com\/dz\/wp-json\/wp\/v2\/comments?post=14754"}],"wp:attachment":[{"href":"https:\/\/bm-cat.com\/dz\/wp-json\/wp\/v2\/media?parent=14754"}],"wp:term":[{"taxonomy":"product_feature","embeddable":true,"href":"https:\/\/bm-cat.com\/dz\/wp-json\/wp\/v2\/product_feature?post=14754"},{"taxonomy":"product_cat","embeddable":true,"href":"https:\/\/bm-cat.com\/dz\/wp-json\/wp\/v2\/product_cat?post=14754"},{"taxonomy":"product_tag","embeddable":true,"href":"https:\/\/bm-cat.com\/dz\/wp-json\/wp\/v2\/product_tag?post=14754"}],"curies":[{"name":"wp","href":"https:\/\/api.w.org\/{rel}","templated":true}]}}