{"id":14776,"date":"2023-12-04T18:39:59","date_gmt":"2023-12-04T18:39:59","guid":{"rendered":"https:\/\/ppr.bm-cat.com\/dz\/product\/773-05\/"},"modified":"2024-03-05T22:40:49","modified_gmt":"2024-03-05T22:40:49","slug":"773-05","status":"publish","type":"product","link":"https:\/\/bm-cat.com\/dz\/produit\/773-05\/","title":{"rendered":"773 (05)"},"content":{"rendered":"<p>Le fer \u00e0 l&rsquo;\u00e9preuve du temps et la technologie moderne s&rsquo;associent pour fournir un tombereau de chantier vraiment productif, durable et fiable, qui cible le principal besoin des clients: un co\u00fbt par tonne aussi bas que possible.<\/p>\n","protected":false},"excerpt":{"rendered":"<p>Augmentez le temps de fonctionnement, l&rsquo;efficacit\u00e9 et la s\u00e9curit\u00e9 sur le chantier avec le tombereau de chantier productif et fiable Cat\u00ae 773. Construit avec le puissant moteur 3412E Cat refroidi par air, dot\u00e9 d&rsquo;un injecteur-pompe hydraulique \u00e9lectronique (HEUI\u2122) pour un fonctionnement \u00e9conome en carburant. Avec une fiabilit\u00e9 et une longue dur\u00e9e de vie in\u00e9gal\u00e9es, ainsi qu&rsquo;un temps de fonctionnement \u00e9lev\u00e9, le 773 est le bon choix pour votre exploitation.<\/p>\n","protected":false},"featured_media":0,"comment_status":"open","ping_status":"closed","template":"","meta":{"_acf_changed":false,"_sitemap_exclude":false,"_sitemap_priority":"","_sitemap_frequency":""},"product_feature":[],"product_cat":[1011],"product_tag":[],"class_list":{"0":"post-14776","1":"product","2":"type-product","3":"status-publish","5":"product_cat-tombereaux-de-chantier-tombereaux-de-chantier","7":"first","8":"instock","9":"shipping-taxable","10":"product-type-simple"},"acf":[],"_links":{"self":[{"href":"https:\/\/bm-cat.com\/dz\/wp-json\/wp\/v2\/product\/14776","targetHints":{"allow":["GET"]}}],"collection":[{"href":"https:\/\/bm-cat.com\/dz\/wp-json\/wp\/v2\/product"}],"about":[{"href":"https:\/\/bm-cat.com\/dz\/wp-json\/wp\/v2\/types\/product"}],"replies":[{"embeddable":true,"href":"https:\/\/bm-cat.com\/dz\/wp-json\/wp\/v2\/comments?post=14776"}],"wp:attachment":[{"href":"https:\/\/bm-cat.com\/dz\/wp-json\/wp\/v2\/media?parent=14776"}],"wp:term":[{"taxonomy":"product_feature","embeddable":true,"href":"https:\/\/bm-cat.com\/dz\/wp-json\/wp\/v2\/product_feature?post=14776"},{"taxonomy":"product_cat","embeddable":true,"href":"https:\/\/bm-cat.com\/dz\/wp-json\/wp\/v2\/product_cat?post=14776"},{"taxonomy":"product_tag","embeddable":true,"href":"https:\/\/bm-cat.com\/dz\/wp-json\/wp\/v2\/product_tag?post=14776"}],"curies":[{"name":"wp","href":"https:\/\/api.w.org\/{rel}","templated":true}]}}