{"id":14778,"date":"2023-12-04T18:47:38","date_gmt":"2023-12-04T18:47:38","guid":{"rendered":"https:\/\/ppr.bm-cat.com\/dz\/product\/773g\/"},"modified":"2024-03-05T22:40:51","modified_gmt":"2024-03-05T22:40:51","slug":"773g","status":"publish","type":"product","link":"https:\/\/bm-cat.com\/dz\/produit\/773g\/","title":{"rendered":"773G"},"content":{"rendered":"<p>Caterpillar a le plaisir de vous pr\u00e9senter le Tombereau de chantier&nbsp;773G. Peut-\u00eatre vous demandez-vous comment, apr\u00e8s 40&nbsp;ans d&rsquo;efforts, Caterpillar a pu encore am\u00e9liorer son soutien \u00e0 votre entreprise&nbsp;?&lt;br&gt;Les tombereaux de la s\u00e9rie&nbsp;G ont \u00e9t\u00e9 con\u00e7us et fabriqu\u00e9s \u00e0 partir des toutes derni\u00e8res technologies existantes, aussi bien en termes de logiciels que de mat\u00e9riels. Avant d&rsquo;\u00eatre lanc\u00e9, ce produit a \u00e9t\u00e9 test\u00e9 pendant plus de 30&nbsp;000 heures par des clients pour nous assurer qu&rsquo;il est pr\u00eat \u00e0 fonctionner, fiable et robuste.&lt;br&gt;En marge de ses qualit\u00e9s propres, les tombereaux de la s\u00e9rie&nbsp;G de Caterpillar vous aideront \u00e0 r\u00e9duire vos d\u00e9penses en limitant la consommation de carburant de sept mani\u00e8res. Nous vous proposons deux modes d&rsquo;\u00e9conomie de carburant personnalisables pour vous permettre de choisir le niveau souhait\u00e9. En ajoutant des tombereaux de la s\u00e9rie&nbsp;G de Caterpillar \u00e0 votre parc, vous augmenterez votre productivit\u00e9, d\u00e9dierez moins de temps \u00e0 la maintenance et travaillerez \u00e9galement \u00e0 l&rsquo;\u00e9cologie gr\u00e2ce \u00e0 l&rsquo;efficacit\u00e9 de ces machines. Votre personnel appr\u00e9ciera le confort et toutes les nouvelles commodit\u00e9s de la cabine que nous avons redessin\u00e9e. En r\u00e9sum\u00e9, les tombereaux de la s\u00e9rie&nbsp;G Cat peuvent et feront effectivement une diff\u00e9rence jour apr\u00e8s jour dans votre activit\u00e9 et aupr\u00e8s de vos employ\u00e9s.<\/p>\n","protected":false},"excerpt":{"rendered":"<p>Caterpillar a le plaisir de vous pr\u00e9senter le Tombereau de chantier&nbsp;773G. Peut-\u00eatre vous demandez-vous comment, apr\u00e8s 40&nbsp;ans d&rsquo;efforts, Caterpillar a pu encore am\u00e9liorer son soutien \u00e0 votre entreprise&nbsp;?<br \/>Les tombereaux de la s\u00e9rie&nbsp;G ont \u00e9t\u00e9 con\u00e7us et fabriqu\u00e9s \u00e0 partir des toutes derni\u00e8res technologies existantes, aussi bien en termes de logiciels que de mat\u00e9riels. Avant d&rsquo;\u00eatre lanc\u00e9, ce produit a \u00e9t\u00e9 test\u00e9 pendant plus de 30&nbsp;000 heures par des clients pour nous assurer qu&rsquo;il est pr\u00eat \u00e0 fonctionner, fiable et robuste.<br \/>En marge de ses qualit\u00e9s propres, les tombereaux de la s\u00e9rie&nbsp;G de Caterpillar vous aideront \u00e0 r\u00e9duire vos d\u00e9penses en limitant la consommation de carburant de sept mani\u00e8res. Nous vous proposons deux modes d&rsquo;\u00e9conomie de carburant personnalisables pour vous permettre de choisir le niveau souhait\u00e9. En ajoutant des tombereaux de la s\u00e9rie&nbsp;G de Caterpillar \u00e0 votre parc, vous augmenterez votre productivit\u00e9, d\u00e9dierez moins de temps \u00e0 la maintenance et travaillerez \u00e9galement \u00e0 l&rsquo;\u00e9cologie gr\u00e2ce \u00e0 l&rsquo;efficacit\u00e9 de ces machines. Votre personnel appr\u00e9ciera le confort et toutes les nouvelles commodit\u00e9s de la cabine que nous avons redessin\u00e9e. En r\u00e9sum\u00e9, les tombereaux de la s\u00e9rie&nbsp;G Cat peuvent et feront effectivement une diff\u00e9rence jour apr\u00e8s jour dans votre activit\u00e9 et aupr\u00e8s de vos employ\u00e9s.<\/p>\n","protected":false},"featured_media":0,"comment_status":"open","ping_status":"closed","template":"","meta":{"_acf_changed":false,"_sitemap_exclude":false,"_sitemap_priority":"","_sitemap_frequency":""},"product_feature":[],"product_cat":[1011],"product_tag":[],"class_list":{"0":"post-14778","1":"product","2":"type-product","3":"status-publish","5":"product_cat-tombereaux-de-chantier-tombereaux-de-chantier","7":"first","8":"instock","9":"shipping-taxable","10":"product-type-simple"},"acf":[],"_links":{"self":[{"href":"https:\/\/bm-cat.com\/dz\/wp-json\/wp\/v2\/product\/14778","targetHints":{"allow":["GET"]}}],"collection":[{"href":"https:\/\/bm-cat.com\/dz\/wp-json\/wp\/v2\/product"}],"about":[{"href":"https:\/\/bm-cat.com\/dz\/wp-json\/wp\/v2\/types\/product"}],"replies":[{"embeddable":true,"href":"https:\/\/bm-cat.com\/dz\/wp-json\/wp\/v2\/comments?post=14778"}],"wp:attachment":[{"href":"https:\/\/bm-cat.com\/dz\/wp-json\/wp\/v2\/media?parent=14778"}],"wp:term":[{"taxonomy":"product_feature","embeddable":true,"href":"https:\/\/bm-cat.com\/dz\/wp-json\/wp\/v2\/product_feature?post=14778"},{"taxonomy":"product_cat","embeddable":true,"href":"https:\/\/bm-cat.com\/dz\/wp-json\/wp\/v2\/product_cat?post=14778"},{"taxonomy":"product_tag","embeddable":true,"href":"https:\/\/bm-cat.com\/dz\/wp-json\/wp\/v2\/product_tag?post=14778"}],"curies":[{"name":"wp","href":"https:\/\/api.w.org\/{rel}","templated":true}]}}