{"id":14791,"date":"2023-12-04T19:09:39","date_gmt":"2023-12-04T19:09:39","guid":{"rendered":"https:\/\/ppr.bm-cat.com\/dz\/product\/pl61\/"},"modified":"2024-03-05T22:41:00","modified_gmt":"2024-03-05T22:41:00","slug":"pl61","status":"publish","type":"product","link":"https:\/\/bm-cat.com\/dz\/produit\/pl61\/","title":{"rendered":"PL61"},"content":{"rendered":"<p>Le mod\u00e8le PL61 fait partie d&rsquo;une gamme compl\u00e8te de tracteurs pose-canalisations Cat\u00ae con\u00e7ue pour offrir performances, s\u00e9curit\u00e9 et facilit\u00e9 d&rsquo;entretien. Gr\u00e2ce \u00e0 sa largeur facilitant le transport, combin\u00e9e au personnel d&rsquo;assistance exp\u00e9riment\u00e9 du r\u00e9seau de concessionnaires Cat, cet \u00e9quipement essentiel \u00e0 la pose de canalisations est disponible n&rsquo;importe o\u00f9 et \u00e0 tout moment.<\/p>\n","protected":false},"excerpt":{"rendered":"<p>Le mod\u00e8le PL61 fait partie d&rsquo;une gamme compl\u00e8te de tracteurs pose-canalisations Cat con\u00e7ue pour offrir performances, s\u00e9curit\u00e9 et facilit\u00e9 d&rsquo;entretien. Gr\u00e2ce \u00e0 sa largeur facilitant le transport, combin\u00e9e au personnel d&rsquo;assistance exp\u00e9riment\u00e9 du r\u00e9seau de concessionnaires Cat, cet \u00e9quipement essentiel \u00e0 la pose de canalisations est disponible n&rsquo;importe o\u00f9 et \u00e0 tout moment.<\/p>\n","protected":false},"featured_media":0,"comment_status":"open","ping_status":"closed","template":"","meta":{"_acf_changed":false,"_sitemap_exclude":false,"_sitemap_priority":"","_sitemap_frequency":""},"product_feature":[],"product_cat":[1013],"product_tag":[],"class_list":{"0":"post-14791","1":"product","2":"type-product","3":"status-publish","5":"product_cat-tracteurs-pose-canalisations-tracteurs-pose-canalisations","7":"first","8":"instock","9":"shipping-taxable","10":"product-type-simple"},"acf":[],"_links":{"self":[{"href":"https:\/\/bm-cat.com\/dz\/wp-json\/wp\/v2\/product\/14791","targetHints":{"allow":["GET"]}}],"collection":[{"href":"https:\/\/bm-cat.com\/dz\/wp-json\/wp\/v2\/product"}],"about":[{"href":"https:\/\/bm-cat.com\/dz\/wp-json\/wp\/v2\/types\/product"}],"replies":[{"embeddable":true,"href":"https:\/\/bm-cat.com\/dz\/wp-json\/wp\/v2\/comments?post=14791"}],"wp:attachment":[{"href":"https:\/\/bm-cat.com\/dz\/wp-json\/wp\/v2\/media?parent=14791"}],"wp:term":[{"taxonomy":"product_feature","embeddable":true,"href":"https:\/\/bm-cat.com\/dz\/wp-json\/wp\/v2\/product_feature?post=14791"},{"taxonomy":"product_cat","embeddable":true,"href":"https:\/\/bm-cat.com\/dz\/wp-json\/wp\/v2\/product_cat?post=14791"},{"taxonomy":"product_tag","embeddable":true,"href":"https:\/\/bm-cat.com\/dz\/wp-json\/wp\/v2\/product_tag?post=14791"}],"curies":[{"name":"wp","href":"https:\/\/api.w.org\/{rel}","templated":true}]}}