{"id":14797,"date":"2023-12-04T19:22:33","date_gmt":"2023-12-04T19:22:33","guid":{"rendered":"https:\/\/ppr.bm-cat.com\/dz\/product\/pl87\/"},"modified":"2024-03-05T22:41:05","modified_gmt":"2024-03-05T22:41:05","slug":"pl87","status":"publish","type":"product","link":"https:\/\/bm-cat.com\/dz\/produit\/pl87\/","title":{"rendered":"PL87"},"content":{"rendered":"<p>Depuis des d\u00e9cennies, les tracteurs pose-canalisations Cat se sont impos\u00e9s comme la r\u00e9f\u00e9rence dans le secteur de la pose de canalisations. Le r\u00e9seau international de concessionnaires Cat, \u00e0 l&rsquo;\u00e9coute des besoins sp\u00e9cifiques de production \u00e0 fort rendement des poseurs de canalisations, est disponible pour toute demande d&rsquo;assistance sur ces machines solides et fiables. Les tracteurs pose-canalisations Cat sont fabriqu\u00e9s sp\u00e9cialement pour r\u00e9pondre aux exigences uniques des poseurs de canalisations. Et \u00e0 l&rsquo;instar de toutes les machines Cat, les tracteurs pose-canalisations sont con\u00e7us pour offrir longue dur\u00e9e de service, facilit\u00e9 d&rsquo;entretien et possibilit\u00e9s de remise en \u00e9tat : trois aspects pour r\u00e9duire les co\u00fbts de possession et les charges d&rsquo;exploitation. Le mod\u00e8le PL87 r\u00e9pond \u00e0 la fois aux besoins accrus des clients en termes de capacit\u00e9 de levage, de capacit\u00e9 en pente, de facilit\u00e9 d&rsquo;utilisation, de performances et de facilit\u00e9 de transport.<\/p>\n","protected":false},"excerpt":{"rendered":"<p>Le mod\u00e8le PL87 fait partie d&rsquo;une gamme compl\u00e8te de tracteurs pose-canalisations Cat con\u00e7ue pour offrir performances, s\u00e9curit\u00e9 et facilit\u00e9 d&rsquo;entretien. Gr\u00e2ce \u00e0 sa largeur facilitant le transport, combin\u00e9e au personnel d&rsquo;assistance exp\u00e9riment\u00e9 du r\u00e9seau de concessionnaires Cat, cet \u00e9quipement essentiel \u00e0 la pose de canalisations est disponible n&rsquo;importe o\u00f9 et \u00e0 tout moment.<\/p>\n","protected":false},"featured_media":0,"comment_status":"open","ping_status":"closed","template":"","meta":{"_acf_changed":false,"_sitemap_exclude":false,"_sitemap_priority":"","_sitemap_frequency":""},"product_feature":[],"product_cat":[1013],"product_tag":[],"class_list":{"0":"post-14797","1":"product","2":"type-product","3":"status-publish","5":"product_cat-tracteurs-pose-canalisations-tracteurs-pose-canalisations","7":"first","8":"instock","9":"shipping-taxable","10":"product-type-simple"},"acf":[],"_links":{"self":[{"href":"https:\/\/bm-cat.com\/dz\/wp-json\/wp\/v2\/product\/14797","targetHints":{"allow":["GET"]}}],"collection":[{"href":"https:\/\/bm-cat.com\/dz\/wp-json\/wp\/v2\/product"}],"about":[{"href":"https:\/\/bm-cat.com\/dz\/wp-json\/wp\/v2\/types\/product"}],"replies":[{"embeddable":true,"href":"https:\/\/bm-cat.com\/dz\/wp-json\/wp\/v2\/comments?post=14797"}],"wp:attachment":[{"href":"https:\/\/bm-cat.com\/dz\/wp-json\/wp\/v2\/media?parent=14797"}],"wp:term":[{"taxonomy":"product_feature","embeddable":true,"href":"https:\/\/bm-cat.com\/dz\/wp-json\/wp\/v2\/product_feature?post=14797"},{"taxonomy":"product_cat","embeddable":true,"href":"https:\/\/bm-cat.com\/dz\/wp-json\/wp\/v2\/product_cat?post=14797"},{"taxonomy":"product_tag","embeddable":true,"href":"https:\/\/bm-cat.com\/dz\/wp-json\/wp\/v2\/product_tag?post=14797"}],"curies":[{"name":"wp","href":"https:\/\/api.w.org\/{rel}","templated":true}]}}