{"id":14799,"date":"2023-12-04T19:26:48","date_gmt":"2023-12-04T19:26:48","guid":{"rendered":"https:\/\/ppr.bm-cat.com\/dz\/product\/rm400\/"},"modified":"2024-03-05T22:41:07","modified_gmt":"2024-03-05T22:41:07","slug":"rm400","status":"publish","type":"product","link":"https:\/\/bm-cat.com\/dz\/produit\/rm400\/","title":{"rendered":"RM400"},"content":{"rendered":"<p>La Recycleuse de chauss\u00e9es stabilisatrice de solsRM400Cat\u00ae polyvalente permet une excellent gradation du mat\u00e9riau et offre une incroyable man\u0153uvrabilit\u00e9 sans oublier la facilit\u00e9 d&rsquo;utilisation et l&rsquo;extr\u00eame visibilit\u00e9 permettant d&rsquo;excellentes performances globales sur le chantier. Vos travaux extr\u00eames de r\u00e9habilitation des chauss\u00e9es et de stabilisation des sols trouvent un concurrent \u00e0 la hauteur.<\/p>\n","protected":false},"excerpt":{"rendered":"<p>La Recycleuse de chauss\u00e9es stabilisatrice de solsRM400Cat\u00ae polyvalente permet une excellent gradation du mat\u00e9riau et offre une incroyable man\u0153uvrabilit\u00e9 sans oublier la facilit\u00e9 d&rsquo;utilisation et l&rsquo;extr\u00eame visibilit\u00e9 permettant d&rsquo;excellentes performances globales sur le chantier. Vos travaux extr\u00eames de r\u00e9habilitation des chauss\u00e9es et de stabilisation des sols trouvent un concurrent \u00e0 la hauteur.<\/p>\n","protected":false},"featured_media":0,"comment_status":"open","ping_status":"closed","template":"","meta":{"_acf_changed":false,"_sitemap_exclude":false,"_sitemap_priority":"","_sitemap_frequency":""},"product_feature":[],"product_cat":[588],"product_tag":[],"class_list":{"0":"post-14799","1":"product","2":"type-product","3":"status-publish","5":"product_cat-recycleuse-de-chaussee","7":"first","8":"instock","9":"shipping-taxable","10":"product-type-simple"},"acf":[],"_links":{"self":[{"href":"https:\/\/bm-cat.com\/dz\/wp-json\/wp\/v2\/product\/14799","targetHints":{"allow":["GET"]}}],"collection":[{"href":"https:\/\/bm-cat.com\/dz\/wp-json\/wp\/v2\/product"}],"about":[{"href":"https:\/\/bm-cat.com\/dz\/wp-json\/wp\/v2\/types\/product"}],"replies":[{"embeddable":true,"href":"https:\/\/bm-cat.com\/dz\/wp-json\/wp\/v2\/comments?post=14799"}],"wp:attachment":[{"href":"https:\/\/bm-cat.com\/dz\/wp-json\/wp\/v2\/media?parent=14799"}],"wp:term":[{"taxonomy":"product_feature","embeddable":true,"href":"https:\/\/bm-cat.com\/dz\/wp-json\/wp\/v2\/product_feature?post=14799"},{"taxonomy":"product_cat","embeddable":true,"href":"https:\/\/bm-cat.com\/dz\/wp-json\/wp\/v2\/product_cat?post=14799"},{"taxonomy":"product_tag","embeddable":true,"href":"https:\/\/bm-cat.com\/dz\/wp-json\/wp\/v2\/product_tag?post=14799"}],"curies":[{"name":"wp","href":"https:\/\/api.w.org\/{rel}","templated":true}]}}