{"id":14811,"date":"2023-12-04T19:58:23","date_gmt":"2023-12-04T19:58:23","guid":{"rendered":"https:\/\/ppr.bm-cat.com\/dz\/product\/226b3\/"},"modified":"2024-03-05T22:41:17","modified_gmt":"2024-03-05T22:41:17","slug":"226b3","status":"publish","type":"product","link":"https:\/\/bm-cat.com\/dz\/produit\/226b3\/","title":{"rendered":"226B3"},"content":{"rendered":"<p>Le Chargeur compact rigide de la s\u00e9rie B3 Cat\u00ae et ses nombreuses options d&rsquo;outil de travail offre des performances exceptionnelles qui vous permettent d&rsquo;\u00eatre plus productif et d&rsquo;augmenter votre rentabilit\u00e9. Le poste de conduite spacieux et ergonomique et les commandes par manipulateur pilot\u00e9es simples d&rsquo;utilisation garantissent un travail confortable tout au long de la journ\u00e9e. Le groupe motopropulseur hautes performances, le circuit hydraulique avanc\u00e9 et la fiabilit\u00e9 caract\u00e9ristique de Cat sont autant de gages d&rsquo;une productivit\u00e9 am\u00e9lior\u00e9e dans les conditions les plus difficiles.<\/p>\n","protected":false},"excerpt":{"rendered":"<p>Avec ses nombreuses options d&rsquo;outils de travail, le chargeur compact rigide Cat\u00ae est id\u00e9al pour la construction, l&rsquo;am\u00e9nagement de sites, l&rsquo;agriculture et d&rsquo;autres applications. Il offre la fiabilit\u00e9, la long\u00e9vit\u00e9 et l&rsquo;excellente productivit\u00e9 caract\u00e9ristiques de Cat.<\/p>\n","protected":false},"featured_media":0,"comment_status":"open","ping_status":"closed","template":"","meta":{"_acf_changed":false,"_sitemap_exclude":false,"_sitemap_priority":"","_sitemap_frequency":""},"product_feature":[],"product_cat":[594],"product_tag":[],"class_list":{"0":"post-14811","1":"product","2":"type-product","3":"status-publish","5":"product_cat-chargeurs-compacts-rigides","7":"first","8":"instock","9":"shipping-taxable","10":"product-type-simple"},"acf":[],"_links":{"self":[{"href":"https:\/\/bm-cat.com\/dz\/wp-json\/wp\/v2\/product\/14811","targetHints":{"allow":["GET"]}}],"collection":[{"href":"https:\/\/bm-cat.com\/dz\/wp-json\/wp\/v2\/product"}],"about":[{"href":"https:\/\/bm-cat.com\/dz\/wp-json\/wp\/v2\/types\/product"}],"replies":[{"embeddable":true,"href":"https:\/\/bm-cat.com\/dz\/wp-json\/wp\/v2\/comments?post=14811"}],"wp:attachment":[{"href":"https:\/\/bm-cat.com\/dz\/wp-json\/wp\/v2\/media?parent=14811"}],"wp:term":[{"taxonomy":"product_feature","embeddable":true,"href":"https:\/\/bm-cat.com\/dz\/wp-json\/wp\/v2\/product_feature?post=14811"},{"taxonomy":"product_cat","embeddable":true,"href":"https:\/\/bm-cat.com\/dz\/wp-json\/wp\/v2\/product_cat?post=14811"},{"taxonomy":"product_tag","embeddable":true,"href":"https:\/\/bm-cat.com\/dz\/wp-json\/wp\/v2\/product_tag?post=14811"}],"curies":[{"name":"wp","href":"https:\/\/api.w.org\/{rel}","templated":true}]}}