{"id":14871,"date":"2023-12-05T00:31:16","date_gmt":"2023-12-05T00:31:16","guid":{"rendered":"https:\/\/ppr.bm-cat.com\/dz\/product\/988-gc\/"},"modified":"2024-03-05T22:42:32","modified_gmt":"2024-03-05T22:42:32","slug":"988-gc","status":"publish","type":"product","link":"https:\/\/bm-cat.com\/dz\/produit\/988-gc\/","title":{"rendered":"988 GC"},"content":{"rendered":"<p>La chargeuse sur pneus 988 GC Cat\u00ae vous aide \u00e0 d\u00e9placer plus de mat\u00e9riaux \u00e0 un co\u00fbt horaire inf\u00e9rieur, pour un retour sur investissement plus rapide. Cette machine permet de r\u00e9aliser d&rsquo;importantes \u00e9conomies de carburant et de r\u00e9duire de 10 % les co\u00fbts d&rsquo;exploitation et de fonctionnement par rapport \u00e0 la 988K.<\/p>\n","protected":false},"excerpt":{"rendered":"<p>La chargeuse sur pneus 988 GC Cat\u00ae vous aide \u00e0 d\u00e9placer plus de mat\u00e9riaux \u00e0 un co\u00fbt horaire inf\u00e9rieur, pour un retour sur investissement plus rapide. Cette machine permet de r\u00e9aliser d&rsquo;importantes \u00e9conomies de carburant et de r\u00e9duire de 10 % les co\u00fbts d&rsquo;exploitation et de fonctionnement par rapport \u00e0 la 988K.<\/p>\n","protected":false},"featured_media":0,"comment_status":"open","ping_status":"closed","template":"","meta":{"_acf_changed":false,"_sitemap_exclude":false,"_sitemap_priority":"","_sitemap_frequency":""},"product_feature":[],"product_cat":[612],"product_tag":[],"class_list":{"0":"post-14871","1":"product","2":"type-product","3":"status-publish","5":"product_cat-grosses-chargeuses-sur-pneus","7":"first","8":"instock","9":"shipping-taxable","10":"product-type-simple"},"acf":[],"_links":{"self":[{"href":"https:\/\/bm-cat.com\/dz\/wp-json\/wp\/v2\/product\/14871","targetHints":{"allow":["GET"]}}],"collection":[{"href":"https:\/\/bm-cat.com\/dz\/wp-json\/wp\/v2\/product"}],"about":[{"href":"https:\/\/bm-cat.com\/dz\/wp-json\/wp\/v2\/types\/product"}],"replies":[{"embeddable":true,"href":"https:\/\/bm-cat.com\/dz\/wp-json\/wp\/v2\/comments?post=14871"}],"wp:attachment":[{"href":"https:\/\/bm-cat.com\/dz\/wp-json\/wp\/v2\/media?parent=14871"}],"wp:term":[{"taxonomy":"product_feature","embeddable":true,"href":"https:\/\/bm-cat.com\/dz\/wp-json\/wp\/v2\/product_feature?post=14871"},{"taxonomy":"product_cat","embeddable":true,"href":"https:\/\/bm-cat.com\/dz\/wp-json\/wp\/v2\/product_cat?post=14871"},{"taxonomy":"product_tag","embeddable":true,"href":"https:\/\/bm-cat.com\/dz\/wp-json\/wp\/v2\/product_tag?post=14871"}],"curies":[{"name":"wp","href":"https:\/\/api.w.org\/{rel}","templated":true}]}}